{"id":32,"date":"2026-02-17T15:11:10","date_gmt":"2026-02-17T15:11:10","guid":{"rendered":"http:\/\/glossywaves.fr\/?page_id=32"},"modified":"2026-03-23T14:20:58","modified_gmt":"2026-03-23T14:20:58","slug":"technique","status":"publish","type":"page","link":"https:\/\/glossywaves.fr\/index.php\/technique\/","title":{"rendered":"technique"},"content":{"rendered":"\t\t<div data-elementor-type=\"wp-page\" data-elementor-id=\"32\" class=\"elementor elementor-32\">\n\t\t\t\t<div class=\"elementor-element elementor-element-f5bd80f e-grid e-con-boxed e-con e-parent\" data-id=\"f5bd80f\" data-element_type=\"container\" data-e-type=\"container\">\n\t\t\t\t\t<div class=\"e-con-inner\">\n\t\t\t\t<div class=\"elementor-element elementor-element-85cb2ea elementor-widget elementor-widget-image\" data-id=\"85cb2ea\" data-element_type=\"widget\" data-e-type=\"widget\" data-widget_type=\"image.default\">\n\t\t\t\t\t\t\t\t\t\t\t\t\t\t\t<img fetchpriority=\"high\" decoding=\"async\" width=\"768\" height=\"1020\" src=\"https:\/\/glossywaves.fr\/wp-content\/uploads\/2026\/02\/336-768x1020.jpg\" class=\"attachment-medium_large size-medium_large wp-image-121\" alt=\"\" srcset=\"https:\/\/glossywaves.fr\/wp-content\/uploads\/2026\/02\/336-768x1020.jpg 768w, https:\/\/glossywaves.fr\/wp-content\/uploads\/2026\/02\/336-226x300.jpg 226w, https:\/\/glossywaves.fr\/wp-content\/uploads\/2026\/02\/336-771x1024.jpg 771w, https:\/\/glossywaves.fr\/wp-content\/uploads\/2026\/02\/336-1157x1536.jpg 1157w, https:\/\/glossywaves.fr\/wp-content\/uploads\/2026\/02\/336-1542x2048.jpg 1542w, https:\/\/glossywaves.fr\/wp-content\/uploads\/2026\/02\/336-scaled.jpg 1928w\" sizes=\"(max-width: 768px) 100vw, 768px\" \/>\t\t\t\t\t\t\t\t\t\t\t\t\t\t\t<\/div>\n\t\t\t\t<div class=\"elementor-element elementor-element-15f8ef2 elementor-widget elementor-widget-image\" data-id=\"15f8ef2\" data-element_type=\"widget\" data-e-type=\"widget\" data-widget_type=\"image.default\">\n\t\t\t\t\t\t\t\t\t\t\t\t\t\t\t<img decoding=\"async\" width=\"768\" height=\"1024\" src=\"https:\/\/glossywaves.fr\/wp-content\/uploads\/2026\/02\/356-768x1024.jpg\" class=\"attachment-medium_large size-medium_large wp-image-86\" alt=\"\" srcset=\"https:\/\/glossywaves.fr\/wp-content\/uploads\/2026\/02\/356-768x1024.jpg 768w, https:\/\/glossywaves.fr\/wp-content\/uploads\/2026\/02\/356-225x300.jpg 225w, https:\/\/glossywaves.fr\/wp-content\/uploads\/2026\/02\/356-1152x1536.jpg 1152w, https:\/\/glossywaves.fr\/wp-content\/uploads\/2026\/02\/356-1536x2048.jpg 1536w, https:\/\/glossywaves.fr\/wp-content\/uploads\/2026\/02\/356-scaled.jpg 1920w\" sizes=\"(max-width: 768px) 100vw, 768px\" \/>\t\t\t\t\t\t\t\t\t\t\t\t\t\t\t<\/div>\n\t\t\t\t<div class=\"elementor-element elementor-element-6856d71 elementor-widget elementor-widget-image\" data-id=\"6856d71\" data-element_type=\"widget\" data-e-type=\"widget\" data-widget_type=\"image.default\">\n\t\t\t\t\t\t\t\t\t\t\t\t\t\t\t<img decoding=\"async\" width=\"768\" height=\"1024\" src=\"https:\/\/glossywaves.fr\/wp-content\/uploads\/2026\/02\/355-768x1024.jpg\" class=\"attachment-medium_large size-medium_large wp-image-84\" alt=\"\" srcset=\"https:\/\/glossywaves.fr\/wp-content\/uploads\/2026\/02\/355-768x1024.jpg 768w, https:\/\/glossywaves.fr\/wp-content\/uploads\/2026\/02\/355-225x300.jpg 225w, https:\/\/glossywaves.fr\/wp-content\/uploads\/2026\/02\/355-1152x1536.jpg 1152w, https:\/\/glossywaves.fr\/wp-content\/uploads\/2026\/02\/355-1536x2048.jpg 1536w, https:\/\/glossywaves.fr\/wp-content\/uploads\/2026\/02\/355-scaled.jpg 1920w\" sizes=\"(max-width: 768px) 100vw, 768px\" \/>\t\t\t\t\t\t\t\t\t\t\t\t\t\t\t<\/div>\n\t\t\t\t\t<\/div>\n\t\t\t\t<\/div>\n\t\t<div class=\"elementor-element elementor-element-07c32ad e-flex e-con-boxed e-con e-parent\" data-id=\"07c32ad\" data-element_type=\"container\" data-e-type=\"container\">\n\t\t\t\t\t<div class=\"e-con-inner\">\n\t\t\t\t<div class=\"elementor-element elementor-element-1263cdb elementor-widget elementor-widget-heading\" data-id=\"1263cdb\" data-element_type=\"widget\" data-e-type=\"widget\" data-widget_type=\"heading.default\">\n\t\t\t\t\t<h2 class=\"elementor-heading-title elementor-size-default\">Avant\/Apr\u00e8s technique d'ombr\u00e9 haire <\/h2>\t\t\t\t<\/div>\n\t\t\t\t\t<\/div>\n\t\t\t\t<\/div>\n\t\t<div class=\"elementor-element elementor-element-1fbe1ef e-grid e-con-boxed e-con e-parent\" data-id=\"1fbe1ef\" data-element_type=\"container\" data-e-type=\"container\">\n\t\t\t\t\t<div class=\"e-con-inner\">\n\t\t\t\t<div class=\"elementor-element elementor-element-484963b elementor-widget elementor-widget-image\" data-id=\"484963b\" data-element_type=\"widget\" data-e-type=\"widget\" data-widget_type=\"image.default\">\n\t\t\t\t\t\t\t\t\t\t\t\t\t\t\t<img loading=\"lazy\" decoding=\"async\" width=\"768\" height=\"1024\" src=\"https:\/\/glossywaves.fr\/wp-content\/uploads\/2026\/02\/3e18e088-9422-42c0-959e-d5ddddcab5d9-1_all_858-768x1024.jpg\" class=\"attachment-medium_large size-medium_large wp-image-83\" alt=\"\" srcset=\"https:\/\/glossywaves.fr\/wp-content\/uploads\/2026\/02\/3e18e088-9422-42c0-959e-d5ddddcab5d9-1_all_858-768x1024.jpg 768w, https:\/\/glossywaves.fr\/wp-content\/uploads\/2026\/02\/3e18e088-9422-42c0-959e-d5ddddcab5d9-1_all_858-225x300.jpg 225w, https:\/\/glossywaves.fr\/wp-content\/uploads\/2026\/02\/3e18e088-9422-42c0-959e-d5ddddcab5d9-1_all_858-1152x1536.jpg 1152w, https:\/\/glossywaves.fr\/wp-content\/uploads\/2026\/02\/3e18e088-9422-42c0-959e-d5ddddcab5d9-1_all_858-1536x2048.jpg 1536w, https:\/\/glossywaves.fr\/wp-content\/uploads\/2026\/02\/3e18e088-9422-42c0-959e-d5ddddcab5d9-1_all_858-scaled.jpg 1920w\" sizes=\"(max-width: 768px) 100vw, 768px\" \/>\t\t\t\t\t\t\t\t\t\t\t\t\t\t\t<\/div>\n\t\t\t\t<div class=\"elementor-element elementor-element-2e15630 elementor-widget elementor-widget-image\" data-id=\"2e15630\" data-element_type=\"widget\" data-e-type=\"widget\" data-widget_type=\"image.default\">\n\t\t\t\t\t\t\t\t\t\t\t\t\t\t\t<img loading=\"lazy\" decoding=\"async\" width=\"768\" height=\"1024\" src=\"https:\/\/glossywaves.fr\/wp-content\/uploads\/2026\/02\/3e18e088-9422-42c0-959e-d5ddddcab5d9-1_all_856-768x1024.jpg\" class=\"attachment-large size-large wp-image-85\" alt=\"\" srcset=\"https:\/\/glossywaves.fr\/wp-content\/uploads\/2026\/02\/3e18e088-9422-42c0-959e-d5ddddcab5d9-1_all_856-768x1024.jpg 768w, https:\/\/glossywaves.fr\/wp-content\/uploads\/2026\/02\/3e18e088-9422-42c0-959e-d5ddddcab5d9-1_all_856-225x300.jpg 225w, https:\/\/glossywaves.fr\/wp-content\/uploads\/2026\/02\/3e18e088-9422-42c0-959e-d5ddddcab5d9-1_all_856-1152x1536.jpg 1152w, https:\/\/glossywaves.fr\/wp-content\/uploads\/2026\/02\/3e18e088-9422-42c0-959e-d5ddddcab5d9-1_all_856-1536x2048.jpg 1536w, https:\/\/glossywaves.fr\/wp-content\/uploads\/2026\/02\/3e18e088-9422-42c0-959e-d5ddddcab5d9-1_all_856-scaled.jpg 1920w\" sizes=\"(max-width: 768px) 100vw, 768px\" \/>\t\t\t\t\t\t\t\t\t\t\t\t\t\t\t<\/div>\n\t\t\t\t\t<\/div>\n\t\t\t\t<\/div>\n\t\t<div class=\"elementor-element elementor-element-cef6d11 e-flex e-con-boxed e-con e-parent\" data-id=\"cef6d11\" data-element_type=\"container\" data-e-type=\"container\">\n\t\t\t\t\t<div class=\"e-con-inner\">\n\t\t\t\t<div class=\"elementor-element elementor-element-47eba96 elementor-widget elementor-widget-heading\" data-id=\"47eba96\" data-element_type=\"widget\" data-e-type=\"widget\" data-widget_type=\"heading.default\">\n\t\t\t\t\t<h2 class=\"elementor-heading-title elementor-size-default\">Coloration violine <\/h2>\t\t\t\t<\/div>\n\t\t\t\t\t<\/div>\n\t\t\t\t<\/div>\n\t\t<div class=\"elementor-element elementor-element-1293532 e-con-full e-flex e-con e-parent\" data-id=\"1293532\" data-element_type=\"container\" data-e-type=\"container\">\n\t\t\t\t<div class=\"elementor-element elementor-element-c46fadf elementor-widget elementor-widget-image\" data-id=\"c46fadf\" data-element_type=\"widget\" data-e-type=\"widget\" data-widget_type=\"image.default\">\n\t\t\t\t\t\t\t\t\t\t\t\t\t\t\t<img loading=\"lazy\" decoding=\"async\" width=\"768\" height=\"1310\" src=\"https:\/\/glossywaves.fr\/wp-content\/uploads\/2026\/02\/345-scaled-e1771944744977-768x1310.jpg\" class=\"attachment-medium_large size-medium_large wp-image-79\" alt=\"\" srcset=\"https:\/\/glossywaves.fr\/wp-content\/uploads\/2026\/02\/345-scaled-e1771944744977-768x1310.jpg 768w, https:\/\/glossywaves.fr\/wp-content\/uploads\/2026\/02\/345-scaled-e1771944744977-176x300.jpg 176w, https:\/\/glossywaves.fr\/wp-content\/uploads\/2026\/02\/345-scaled-e1771944744977-600x1024.jpg 600w, https:\/\/glossywaves.fr\/wp-content\/uploads\/2026\/02\/345-scaled-e1771944744977-901x1536.jpg 901w, https:\/\/glossywaves.fr\/wp-content\/uploads\/2026\/02\/345-scaled-e1771944744977.jpg 1114w\" sizes=\"(max-width: 768px) 100vw, 768px\" \/>\t\t\t\t\t\t\t\t\t\t\t\t\t\t\t<\/div>\n\t\t\t\t<\/div>\n\t\t<div class=\"elementor-element elementor-element-423d54f e-flex e-con-boxed e-con e-parent\" data-id=\"423d54f\" data-element_type=\"container\" data-e-type=\"container\">\n\t\t\t\t\t<div class=\"e-con-inner\">\n\t\t\t\t<div class=\"elementor-element elementor-element-cfbc8c9 elementor-widget elementor-widget-heading\" data-id=\"cfbc8c9\" data-element_type=\"widget\" data-e-type=\"widget\" data-widget_type=\"heading.default\">\n\t\t\t\t\t<h2 class=\"elementor-heading-title elementor-size-default\">Coloration et m\u00e8ches <\/h2>\t\t\t\t<\/div>\n\t\t\t\t\t<\/div>\n\t\t\t\t<\/div>\n\t\t<div class=\"elementor-element elementor-element-c8e7bcf e-grid e-con-boxed e-con e-parent\" data-id=\"c8e7bcf\" data-element_type=\"container\" data-e-type=\"container\">\n\t\t\t\t\t<div class=\"e-con-inner\">\n\t\t\t\t<div class=\"elementor-element elementor-element-e6fa115 elementor-widget elementor-widget-image\" data-id=\"e6fa115\" data-element_type=\"widget\" data-e-type=\"widget\" data-widget_type=\"image.default\">\n\t\t\t\t\t\t\t\t\t\t\t\t\t\t\t<img loading=\"lazy\" decoding=\"async\" width=\"600\" height=\"600\" src=\"https:\/\/glossywaves.fr\/wp-content\/uploads\/2026\/02\/398-600x600.jpg\" class=\"attachment-ocean-thumb-m size-ocean-thumb-m wp-image-163\" alt=\"\" srcset=\"https:\/\/glossywaves.fr\/wp-content\/uploads\/2026\/02\/398-600x600.jpg 600w, https:\/\/glossywaves.fr\/wp-content\/uploads\/2026\/02\/398-150x150.jpg 150w\" sizes=\"(max-width: 600px) 100vw, 600px\" \/>\t\t\t\t\t\t\t\t\t\t\t\t\t\t\t<\/div>\n\t\t\t\t<div class=\"elementor-element elementor-element-1dde2ec elementor-widget elementor-widget-image\" data-id=\"1dde2ec\" data-element_type=\"widget\" data-e-type=\"widget\" data-widget_type=\"image.default\">\n\t\t\t\t\t\t\t\t\t\t\t\t\t\t\t<img loading=\"lazy\" decoding=\"async\" width=\"600\" height=\"600\" src=\"https:\/\/glossywaves.fr\/wp-content\/uploads\/2026\/02\/397-scaled-e1772544649149-600x600.jpg\" class=\"attachment-ocean-thumb-m size-ocean-thumb-m wp-image-162\" alt=\"\" srcset=\"https:\/\/glossywaves.fr\/wp-content\/uploads\/2026\/02\/397-scaled-e1772544649149-600x600.jpg 600w, https:\/\/glossywaves.fr\/wp-content\/uploads\/2026\/02\/397-scaled-e1772544649149-150x150.jpg 150w\" sizes=\"(max-width: 600px) 100vw, 600px\" \/>\t\t\t\t\t\t\t\t\t\t\t\t\t\t\t<\/div>\n\t\t\t\t\t<\/div>\n\t\t\t\t<\/div>\n\t\t<div class=\"elementor-element elementor-element-3b0b54d e-flex e-con-boxed e-con e-parent\" data-id=\"3b0b54d\" data-element_type=\"container\" data-e-type=\"container\">\n\t\t\t\t\t<div class=\"e-con-inner\">\n\t\t\t\t<div class=\"elementor-element elementor-element-8bd7c8d elementor-widget elementor-widget-heading\" data-id=\"8bd7c8d\" data-element_type=\"widget\" data-e-type=\"widget\" data-widget_type=\"heading.default\">\n\t\t\t\t\t<h2 class=\"elementor-heading-title elementor-size-default\">Ombr\u00e9 haire <\/h2>\t\t\t\t<\/div>\n\t\t\t\t\t<\/div>\n\t\t\t\t<\/div>\n\t\t<div class=\"elementor-element elementor-element-6ea8080 e-grid e-con-boxed e-con e-parent\" data-id=\"6ea8080\" data-element_type=\"container\" data-e-type=\"container\">\n\t\t\t\t\t<div class=\"e-con-inner\">\n\t\t\t\t<div class=\"elementor-element elementor-element-b259061 elementor-widget elementor-widget-image\" data-id=\"b259061\" data-element_type=\"widget\" data-e-type=\"widget\" data-widget_type=\"image.default\">\n\t\t\t\t\t\t\t\t\t\t\t\t\t\t\t<img loading=\"lazy\" decoding=\"async\" width=\"768\" height=\"1020\" src=\"https:\/\/glossywaves.fr\/wp-content\/uploads\/2026\/03\/433-768x1020.jpg\" class=\"attachment-medium_large size-medium_large wp-image-193\" alt=\"\" srcset=\"https:\/\/glossywaves.fr\/wp-content\/uploads\/2026\/03\/433-768x1020.jpg 768w, https:\/\/glossywaves.fr\/wp-content\/uploads\/2026\/03\/433-226x300.jpg 226w, https:\/\/glossywaves.fr\/wp-content\/uploads\/2026\/03\/433-771x1024.jpg 771w, https:\/\/glossywaves.fr\/wp-content\/uploads\/2026\/03\/433-1157x1536.jpg 1157w, https:\/\/glossywaves.fr\/wp-content\/uploads\/2026\/03\/433-1542x2048.jpg 1542w, https:\/\/glossywaves.fr\/wp-content\/uploads\/2026\/03\/433-scaled.jpg 1928w\" sizes=\"(max-width: 768px) 100vw, 768px\" \/>\t\t\t\t\t\t\t\t\t\t\t\t\t\t\t<\/div>\n\t\t\t\t<div class=\"elementor-element elementor-element-1f64f4a elementor-widget elementor-widget-image\" data-id=\"1f64f4a\" data-element_type=\"widget\" data-e-type=\"widget\" data-widget_type=\"image.default\">\n\t\t\t\t\t\t\t\t\t\t\t\t\t\t\t<img loading=\"lazy\" decoding=\"async\" width=\"768\" height=\"1020\" src=\"https:\/\/glossywaves.fr\/wp-content\/uploads\/2026\/03\/436-1-768x1020.jpg\" class=\"attachment-medium_large size-medium_large wp-image-202\" alt=\"\" srcset=\"https:\/\/glossywaves.fr\/wp-content\/uploads\/2026\/03\/436-1-768x1020.jpg 768w, https:\/\/glossywaves.fr\/wp-content\/uploads\/2026\/03\/436-1-226x300.jpg 226w, https:\/\/glossywaves.fr\/wp-content\/uploads\/2026\/03\/436-1-771x1024.jpg 771w, https:\/\/glossywaves.fr\/wp-content\/uploads\/2026\/03\/436-1-1157x1536.jpg 1157w, https:\/\/glossywaves.fr\/wp-content\/uploads\/2026\/03\/436-1-1542x2048.jpg 1542w, https:\/\/glossywaves.fr\/wp-content\/uploads\/2026\/03\/436-1-scaled.jpg 1928w\" sizes=\"(max-width: 768px) 100vw, 768px\" \/>\t\t\t\t\t\t\t\t\t\t\t\t\t\t\t<\/div>\n\t\t\t\t\t<\/div>\n\t\t\t\t<\/div>\n\t\t<div class=\"elementor-element elementor-element-d8d337b e-grid e-con-boxed e-con e-parent\" data-id=\"d8d337b\" data-element_type=\"container\" data-e-type=\"container\">\n\t\t\t\t\t<div class=\"e-con-inner\">\n\t\t\t\t<div class=\"elementor-element elementor-element-614d493 elementor-widget elementor-widget-heading\" data-id=\"614d493\" data-element_type=\"widget\" data-e-type=\"widget\" data-widget_type=\"heading.default\">\n\t\t\t\t\t<h2 class=\"elementor-heading-title elementor-size-default\">Avant                                                       \/                                                     Apr\u00e8s<\/h2>\t\t\t\t<\/div>\n\t\t\t\t\t<\/div>\n\t\t\t\t<\/div>\n\t\t\t\t<\/div>\n\t\t","protected":false},"excerpt":{"rendered":"<p>Avant\/Apr\u00e8s technique d&rsquo;ombr\u00e9 haire Coloration violine Coloration et m\u00e8ches Ombr\u00e9 haire Avant \/ Apr\u00e8s<\/p>\n","protected":false},"author":1,"featured_media":0,"parent":0,"menu_order":0,"comment_status":"closed","ping_status":"closed","template":"","meta":{"sfsi_plus_gutenberg_text_before_share":"","sfsi_plus_gutenberg_show_text_before_share":"","sfsi_plus_gutenberg_icon_type":"","sfsi_plus_gutenberg_icon_alignemt":"","sfsi_plus_gutenburg_max_per_row":"","footnotes":""},"class_list":["post-32","page","type-page","status-publish","hentry","entry"],"yoast_head":"<!-- This site is optimized with the Yoast SEO plugin v27.0 - https:\/\/yoast.com\/product\/yoast-seo-wordpress\/ -->\n<title>technique - Glossy Waves<\/title>\n<meta name=\"robots\" content=\"index, follow, max-snippet:-1, max-image-preview:large, max-video-preview:-1\" \/>\n<link rel=\"canonical\" href=\"https:\/\/glossywaves.fr\/index.php\/technique\/\" \/>\n<meta property=\"og:locale\" content=\"fr_FR\" \/>\n<meta property=\"og:type\" content=\"article\" \/>\n<meta property=\"og:title\" content=\"technique - Glossy Waves\" \/>\n<meta property=\"og:description\" content=\"Avant\/Apr\u00e8s technique d&rsquo;ombr\u00e9 haire Coloration violine Coloration et m\u00e8ches Ombr\u00e9 haire Avant \/ Apr\u00e8s\" \/>\n<meta property=\"og:url\" content=\"https:\/\/glossywaves.fr\/index.php\/technique\/\" \/>\n<meta property=\"og:site_name\" content=\"Glossy Waves\" \/>\n<meta property=\"article:modified_time\" content=\"2026-03-23T14:20:58+00:00\" \/>\n<meta property=\"og:image\" content=\"http:\/\/glossywaves.fr\/wp-content\/uploads\/2026\/02\/336-768x1020.jpg\" \/>\n<meta name=\"twitter:card\" content=\"summary_large_image\" \/>\n<meta name=\"twitter:label1\" content=\"Dur\u00e9e de lecture estim\u00e9e\" \/>\n\t<meta name=\"twitter:data1\" content=\"1 minute\" \/>\n<script type=\"application\/ld+json\" class=\"yoast-schema-graph\">{\"@context\":\"https:\/\/schema.org\",\"@graph\":[{\"@type\":\"WebPage\",\"@id\":\"https:\/\/glossywaves.fr\/index.php\/technique\/\",\"url\":\"https:\/\/glossywaves.fr\/index.php\/technique\/\",\"name\":\"technique - Glossy Waves\",\"isPartOf\":{\"@id\":\"https:\/\/glossywaves.fr\/#website\"},\"primaryImageOfPage\":{\"@id\":\"https:\/\/glossywaves.fr\/index.php\/technique\/#primaryimage\"},\"image\":{\"@id\":\"https:\/\/glossywaves.fr\/index.php\/technique\/#primaryimage\"},\"thumbnailUrl\":\"http:\/\/glossywaves.fr\/wp-content\/uploads\/2026\/02\/336-768x1020.jpg\",\"datePublished\":\"2026-02-17T15:11:10+00:00\",\"dateModified\":\"2026-03-23T14:20:58+00:00\",\"breadcrumb\":{\"@id\":\"https:\/\/glossywaves.fr\/index.php\/technique\/#breadcrumb\"},\"inLanguage\":\"fr-FR\",\"potentialAction\":[{\"@type\":\"ReadAction\",\"target\":[\"https:\/\/glossywaves.fr\/index.php\/technique\/\"]}]},{\"@type\":\"ImageObject\",\"inLanguage\":\"fr-FR\",\"@id\":\"https:\/\/glossywaves.fr\/index.php\/technique\/#primaryimage\",\"url\":\"https:\/\/glossywaves.fr\/wp-content\/uploads\/2026\/02\/336-scaled.jpg\",\"contentUrl\":\"https:\/\/glossywaves.fr\/wp-content\/uploads\/2026\/02\/336-scaled.jpg\",\"width\":1928,\"height\":2560},{\"@type\":\"BreadcrumbList\",\"@id\":\"https:\/\/glossywaves.fr\/index.php\/technique\/#breadcrumb\",\"itemListElement\":[{\"@type\":\"ListItem\",\"position\":1,\"name\":\"Accueil\",\"item\":\"https:\/\/glossywaves.fr\/\"},{\"@type\":\"ListItem\",\"position\":2,\"name\":\"technique\"}]},{\"@type\":\"WebSite\",\"@id\":\"https:\/\/glossywaves.fr\/#website\",\"url\":\"https:\/\/glossywaves.fr\/\",\"name\":\"Glossy Waves\",\"description\":\"\",\"publisher\":{\"@id\":\"https:\/\/glossywaves.fr\/#organization\"},\"potentialAction\":[{\"@type\":\"SearchAction\",\"target\":{\"@type\":\"EntryPoint\",\"urlTemplate\":\"https:\/\/glossywaves.fr\/?s={search_term_string}\"},\"query-input\":{\"@type\":\"PropertyValueSpecification\",\"valueRequired\":true,\"valueName\":\"search_term_string\"}}],\"inLanguage\":\"fr-FR\"},{\"@type\":\"Organization\",\"@id\":\"https:\/\/glossywaves.fr\/#organization\",\"name\":\"Glossy Waves\",\"url\":\"https:\/\/glossywaves.fr\/\",\"logo\":{\"@type\":\"ImageObject\",\"inLanguage\":\"fr-FR\",\"@id\":\"https:\/\/glossywaves.fr\/#\/schema\/logo\/image\/\",\"url\":\"https:\/\/glossywaves.fr\/wp-content\/uploads\/2026\/02\/cropped-logo-transparent-pdf_page-0001.jpg\",\"contentUrl\":\"https:\/\/glossywaves.fr\/wp-content\/uploads\/2026\/02\/cropped-logo-transparent-pdf_page-0001.jpg\",\"width\":912,\"height\":836,\"caption\":\"Glossy Waves\"},\"image\":{\"@id\":\"https:\/\/glossywaves.fr\/#\/schema\/logo\/image\/\"}}]}<\/script>\n<!-- \/ Yoast SEO plugin. -->","yoast_head_json":{"title":"technique - Glossy Waves","robots":{"index":"index","follow":"follow","max-snippet":"max-snippet:-1","max-image-preview":"max-image-preview:large","max-video-preview":"max-video-preview:-1"},"canonical":"https:\/\/glossywaves.fr\/index.php\/technique\/","og_locale":"fr_FR","og_type":"article","og_title":"technique - Glossy Waves","og_description":"Avant\/Apr\u00e8s technique d&rsquo;ombr\u00e9 haire Coloration violine Coloration et m\u00e8ches Ombr\u00e9 haire Avant \/ Apr\u00e8s","og_url":"https:\/\/glossywaves.fr\/index.php\/technique\/","og_site_name":"Glossy Waves","article_modified_time":"2026-03-23T14:20:58+00:00","og_image":[{"url":"http:\/\/glossywaves.fr\/wp-content\/uploads\/2026\/02\/336-768x1020.jpg","type":"","width":"","height":""}],"twitter_card":"summary_large_image","twitter_misc":{"Dur\u00e9e de lecture estim\u00e9e":"1 minute"},"schema":{"@context":"https:\/\/schema.org","@graph":[{"@type":"WebPage","@id":"https:\/\/glossywaves.fr\/index.php\/technique\/","url":"https:\/\/glossywaves.fr\/index.php\/technique\/","name":"technique - Glossy Waves","isPartOf":{"@id":"https:\/\/glossywaves.fr\/#website"},"primaryImageOfPage":{"@id":"https:\/\/glossywaves.fr\/index.php\/technique\/#primaryimage"},"image":{"@id":"https:\/\/glossywaves.fr\/index.php\/technique\/#primaryimage"},"thumbnailUrl":"http:\/\/glossywaves.fr\/wp-content\/uploads\/2026\/02\/336-768x1020.jpg","datePublished":"2026-02-17T15:11:10+00:00","dateModified":"2026-03-23T14:20:58+00:00","breadcrumb":{"@id":"https:\/\/glossywaves.fr\/index.php\/technique\/#breadcrumb"},"inLanguage":"fr-FR","potentialAction":[{"@type":"ReadAction","target":["https:\/\/glossywaves.fr\/index.php\/technique\/"]}]},{"@type":"ImageObject","inLanguage":"fr-FR","@id":"https:\/\/glossywaves.fr\/index.php\/technique\/#primaryimage","url":"https:\/\/glossywaves.fr\/wp-content\/uploads\/2026\/02\/336-scaled.jpg","contentUrl":"https:\/\/glossywaves.fr\/wp-content\/uploads\/2026\/02\/336-scaled.jpg","width":1928,"height":2560},{"@type":"BreadcrumbList","@id":"https:\/\/glossywaves.fr\/index.php\/technique\/#breadcrumb","itemListElement":[{"@type":"ListItem","position":1,"name":"Accueil","item":"https:\/\/glossywaves.fr\/"},{"@type":"ListItem","position":2,"name":"technique"}]},{"@type":"WebSite","@id":"https:\/\/glossywaves.fr\/#website","url":"https:\/\/glossywaves.fr\/","name":"Glossy Waves","description":"","publisher":{"@id":"https:\/\/glossywaves.fr\/#organization"},"potentialAction":[{"@type":"SearchAction","target":{"@type":"EntryPoint","urlTemplate":"https:\/\/glossywaves.fr\/?s={search_term_string}"},"query-input":{"@type":"PropertyValueSpecification","valueRequired":true,"valueName":"search_term_string"}}],"inLanguage":"fr-FR"},{"@type":"Organization","@id":"https:\/\/glossywaves.fr\/#organization","name":"Glossy Waves","url":"https:\/\/glossywaves.fr\/","logo":{"@type":"ImageObject","inLanguage":"fr-FR","@id":"https:\/\/glossywaves.fr\/#\/schema\/logo\/image\/","url":"https:\/\/glossywaves.fr\/wp-content\/uploads\/2026\/02\/cropped-logo-transparent-pdf_page-0001.jpg","contentUrl":"https:\/\/glossywaves.fr\/wp-content\/uploads\/2026\/02\/cropped-logo-transparent-pdf_page-0001.jpg","width":912,"height":836,"caption":"Glossy Waves"},"image":{"@id":"https:\/\/glossywaves.fr\/#\/schema\/logo\/image\/"}}]}},"_links":{"self":[{"href":"https:\/\/glossywaves.fr\/index.php\/wp-json\/wp\/v2\/pages\/32","targetHints":{"allow":["GET"]}}],"collection":[{"href":"https:\/\/glossywaves.fr\/index.php\/wp-json\/wp\/v2\/pages"}],"about":[{"href":"https:\/\/glossywaves.fr\/index.php\/wp-json\/wp\/v2\/types\/page"}],"author":[{"embeddable":true,"href":"https:\/\/glossywaves.fr\/index.php\/wp-json\/wp\/v2\/users\/1"}],"replies":[{"embeddable":true,"href":"https:\/\/glossywaves.fr\/index.php\/wp-json\/wp\/v2\/comments?post=32"}],"version-history":[{"count":22,"href":"https:\/\/glossywaves.fr\/index.php\/wp-json\/wp\/v2\/pages\/32\/revisions"}],"predecessor-version":[{"id":477,"href":"https:\/\/glossywaves.fr\/index.php\/wp-json\/wp\/v2\/pages\/32\/revisions\/477"}],"wp:attachment":[{"href":"https:\/\/glossywaves.fr\/index.php\/wp-json\/wp\/v2\/media?parent=32"}],"curies":[{"name":"wp","href":"https:\/\/api.w.org\/{rel}","templated":true}]}}