{"id":27,"date":"2026-02-17T15:05:25","date_gmt":"2026-02-17T15:05:25","guid":{"rendered":"http:\/\/glossywaves.fr\/?page_id=27"},"modified":"2026-03-31T12:18:09","modified_gmt":"2026-03-31T12:18:09","slug":"contact-telephone-mail-prise-de-rendez-vous","status":"publish","type":"page","link":"https:\/\/glossywaves.fr\/index.php\/contact-telephone-mail-prise-de-rendez-vous\/","title":{"rendered":"contact"},"content":{"rendered":"\t\t<div data-elementor-type=\"wp-page\" data-elementor-id=\"27\" class=\"elementor elementor-27\">\n\t\t\t\t<div class=\"elementor-element elementor-element-776c42d e-flex e-con-boxed e-con e-parent\" data-id=\"776c42d\" data-element_type=\"container\" data-e-type=\"container\">\n\t\t\t\t\t<div class=\"e-con-inner\">\n\t\t\t\t<div class=\"elementor-element elementor-element-019f6c0 elementor-widget elementor-widget-formidable\" data-id=\"019f6c0\" data-element_type=\"widget\" data-e-type=\"widget\" data-widget_type=\"formidable.default\">\n\t\t\t\t<div class=\"elementor-widget-container\">\n\t\t\t\t\t<div class=\"frm_forms  with_frm_style frm_style_style-formidable\" id=\"frm_form_2_container\" data-token=\"5860bfc318c01591e614573cd746acfc\">\n<form enctype=\"multipart\/form-data\" method=\"post\" class=\"frm-show-form \" id=\"form_contact-et-ou-prise-de-rdv\" data-token=\"5860bfc318c01591e614573cd746acfc\">\n<div class=\"frm_form_fields \">\n<fieldset>\n<legend class=\"frm_screen_reader\">contact et\/ou prise de RDV<\/legend>\n\n<div class=\"frm_fields_container\">\n<input type=\"hidden\" name=\"frm_action\" value=\"create\" \/>\n<input type=\"hidden\" name=\"form_id\" value=\"2\" \/>\n<input type=\"hidden\" name=\"frm_hide_fields_2\" id=\"frm_hide_fields_2\" value=\"\" \/>\n<input type=\"hidden\" name=\"form_key\" value=\"contact-et-ou-prise-de-rdv\" \/>\n<input type=\"hidden\" name=\"item_meta[0]\" value=\"\" \/>\n<input type=\"hidden\" id=\"frm_submit_entry_2\" name=\"frm_submit_entry_2\" value=\"5cffd0e359\" \/><input type=\"hidden\" name=\"_wp_http_referer\" value=\"\/index.php\/wp-json\/wp\/v2\/pages\/27\" \/><div id=\"frm_field_7_container\" class=\"frm_form_field form-field  frm_required_field frm_top_container frm12 frm_first\">\n\t<div  id=\"field_7nyea_label\" class=\"frm_primary_label\">Nom\n\t\t<span class=\"frm_required\" aria-hidden=\"true\">*<\/span>\n\t<\/div>\n\t<fieldset aria-labelledby=\"field_7nyea_label\">\n\t<legend class=\"frm_screen_reader frm_hidden\">\n\t\tNom\t<\/legend>\n\n\t<div  class=\"frm_combo_inputs_container\" id=\"frm_combo_inputs_container_7\" data-name-layout=\"first_last\">\n\t\t\t\t\t<div\n\t\t\t\tid=\"frm_field_7-first_container\"\n\t\t\t\tclass=\"frm_form_field form-field frm_form_subfield-first  frm6\"\n\t\t\t\tdata-sub-field-name=\"first\"\n\t\t\t>\n\t\t\t\t<label for=\"field_7nyea_first\" class=\"frm_screen_reader frm_hidden\">\n\t\t\t\t\tPr\u00e9nom\t\t\t\t<\/label>\n\n\t\t\t\t<input  type=\"text\" id=\"field_7nyea_first\" value=\"\" name=\"item_meta[7][first]\" autocomplete=\"given-name\" data-reqmsg=\"Nom ne peut pas \u00eatre vide.\" aria-required=\"true\" data-invmsg=\"Nom est non valide\" aria-invalid=\"false\"  \/><div class=\"frm_description\" id=\"frm_field_7_first_desc\">Pr\u00e9nom<\/div>\t\t\t<\/div>\n\t\t\t\t\t\t<div\n\t\t\t\tid=\"frm_field_7-last_container\"\n\t\t\t\tclass=\"frm_form_field form-field frm_form_subfield-last  frm6\"\n\t\t\t\tdata-sub-field-name=\"last\"\n\t\t\t>\n\t\t\t\t<label for=\"field_7nyea_last\" class=\"frm_screen_reader frm_hidden\">\n\t\t\t\t\tNom\t\t\t\t<\/label>\n\n\t\t\t\t<input  type=\"text\" id=\"field_7nyea_last\" value=\"\" name=\"item_meta[7][last]\" autocomplete=\"family-name\" data-reqmsg=\"Nom ne peut pas \u00eatre vide.\" aria-required=\"true\" data-invmsg=\"Nom est non valide\" aria-invalid=\"false\"  \/><div class=\"frm_description\" id=\"frm_field_7_last_desc\">Nom<\/div>\t\t\t<\/div>\n\t\t\t\t<\/div>\n<\/fieldset>\n\n\t\n\t\n<\/div>\n<div id=\"frm_field_9_container\" class=\"frm_form_field form-field  frm_required_field frm_top_container frm6 frm_first\">\n\t<label for=\"field_o5nuz\" id=\"field_o5nuz_label\" class=\"frm_primary_label\">T\u00e9l\u00e9phone\n\t\t<span class=\"frm_required\" aria-hidden=\"true\">*<\/span>\n\t<\/label>\n\t<input type=\"tel\" id=\"field_o5nuz\" name=\"item_meta[9]\" value=\"\"  data-reqmsg=\"T\u00e9l\u00e9phone ne peut pas \u00eatre vide.\" aria-required=\"true\" data-invmsg=\"T\u00e9l\u00e9phone est non valide\" aria-invalid=\"false\" pattern=\"((\\+\\d{1,3}(-|.| )?\\(?\\d\\)?(-| |.)?\\d{1,5})|(\\(?\\d{2,6}\\)?))(-|.| )?(\\d{3,4})(-|.| )?(\\d{4})(( x| ext)\\d{1,5}){0,1}$\"  \/>\n\t\n\t\n<\/div>\n<div id=\"frm_field_8_container\" class=\"frm_form_field form-field  frm_top_container frm6\">\n\t<label for=\"field_isjf8\" id=\"field_isjf8_label\" class=\"frm_primary_label\">E-mail\n\t\t<span class=\"frm_required\" aria-hidden=\"true\"><\/span>\n\t<\/label>\n\t<input type=\"email\" id=\"field_isjf8\" name=\"item_meta[8]\" value=\"\"  data-invmsg=\"E-mail est non valide\" aria-invalid=\"false\"  \/>\n\t\n\t\n<\/div>\n<div id=\"frm_field_13_container\" class=\"frm_form_field form-field  frm_required_field frm_top_container\">\n\t<label for=\"field_71xpn\" id=\"field_71xpn_label\" class=\"frm_primary_label\">Liste d\u00e9roulante\n\t\t<span class=\"frm_required\" aria-hidden=\"true\">*<\/span>\n\t<\/label>\n\t\t\t<select name=\"item_meta[13]\" id=\"field_71xpn\"  data-reqmsg=\"Liste d\u00e9roulante ne peut pas \u00eatre vide.\" aria-required=\"true\" data-invmsg=\"Liste d\u00e9roulante est non valide\" aria-invalid=\"false\"  >\n\t\t<option  value=\"\" selected='selected'> <\/option><option  value=\"coloration\">coloration<\/option><option  value=\"m\u00e8che ou balayage\">m\u00e8che ou balayage<\/option><option  value=\"coupe brushing\">coupe brushing<\/option><option  value=\"coupe homme\">coupe homme<\/option><option  value=\"barbe\">barbe<\/option><option  value=\"coloration homme\">coloration homme<\/option><option  value=\"permanente\">permanente<\/option><option  value=\"chignon\">chignon<\/option><option  value=\"coupe enfant\">coupe enfant<\/option>\t<\/select>\n\t\n\t\n\t\n<\/div>\n<div id=\"frm_field_15_container\" class=\"frm_form_field form-field  frm_required_field frm_top_container frm12 frm_first\">\n\t<label for=\"field_9p62e\" id=\"field_9p62e_label\" class=\"frm_primary_label\">horaire et jour souhaiter \n\t\t<span class=\"frm_required\" aria-hidden=\"true\">*<\/span>\n\t<\/label>\n\t<input type=\"text\" id=\"field_9p62e\" name=\"item_meta[15]\" value=\"\"  data-reqmsg=\"horaire et jour souhaiter  ne peut pas \u00eatre vide.\" aria-required=\"true\" data-invmsg=\"horaire et jour souhaiter  est non valide\" aria-invalid=\"false\"  \/>\n\t\n\t\n<\/div>\n<div id=\"frm_field_16_container\" class=\"frm_form_field form-field  frm_top_container frm12 frm_first\">\n\t<label for=\"field_nxq5v\" id=\"field_nxq5v_label\" class=\"frm_primary_label\">description du r\u00e9sultat attendu\n\t\t<span class=\"frm_required\" aria-hidden=\"true\"><\/span>\n\t<\/label>\n\t<input type=\"text\" id=\"field_nxq5v\" name=\"item_meta[16]\" value=\"\"  data-invmsg=\"description du r\u00e9sultat attendu est non valide\" aria-invalid=\"false\"  \/>\n\t\n\t\n<\/div>\n<div id=\"frm_field_14_container\" class=\"frm_form_field form-field  frm_required_field frm_top_container frm6 frm_first\">\n\t<label for=\"field_hm3x5\" id=\"field_hm3x5_label\" class=\"frm_primary_label\">adresse\n\t\t<span class=\"frm_required\" aria-hidden=\"true\">*<\/span>\n\t<\/label>\n\t<input type=\"text\" id=\"field_hm3x5\" name=\"item_meta[14]\" value=\"\"  data-reqmsg=\"adresse ne peut pas \u00eatre vide.\" aria-required=\"true\" data-invmsg=\"adresse est non valide\" aria-invalid=\"false\"  \/>\n\t\n\t\n<\/div>\n<div id=\"frm_field_6_container\" class=\"frm_form_field form-field  frm6\">\n\t<div class=\"frm_submit frm_flex\">\n<button class=\"frm_button_submit\" type=\"submit\"  >Envoyer<\/button>\n\n\n\n<\/div>\n<\/div>\n\t<input type=\"hidden\" name=\"item_key\" value=\"\" \/>\n\t\t\t<div id=\"frm_field_17_container\">\n\t\t\t<label for=\"field_4bekm\" >\n\t\t\t\tSi vous \u00eates un humain, ne remplissez pas ce champ.\t\t\t<\/label>\n\t\t\t<input  id=\"field_4bekm\" type=\"text\" class=\"frm_form_field form-field frm_verify\" name=\"item_meta[17]\" value=\"\"  \/>\n\t\t<\/div>\n\t\t<input name=\"frm_state\" type=\"hidden\" value=\"E2LkBbsd\/z1hKAHc5oL\/JC+G0e0rLotQpQEX6tv3LNo=\" \/><\/div>\n<\/fieldset>\n<\/div>\n\n<\/form>\n<\/div>\n\t\t\t\t<\/div>\n\t\t\t\t<\/div>\n\t\t\t\t\t<\/div>\n\t\t\t\t<\/div>\n\t\t<div class=\"elementor-element elementor-element-91ab9e4 e-flex e-con-boxed e-con e-parent\" data-id=\"91ab9e4\" data-element_type=\"container\" data-e-type=\"container\">\n\t\t\t\t\t<div class=\"e-con-inner\">\n\t\t\t\t<div class=\"elementor-element elementor-element-592a66c elementor-widget elementor-widget-google_maps\" data-id=\"592a66c\" data-element_type=\"widget\" data-e-type=\"widget\" data-widget_type=\"google_maps.default\">\n\t\t\t\t\t\t\t<div class=\"elementor-custom-embed\">\n\t\t\t<iframe loading=\"lazy\"\n\t\t\t\t\tsrc=\"https:\/\/maps.google.com\/maps?q=horgues&#038;t=m&#038;z=13&#038;output=embed&#038;iwloc=near\"\n\t\t\t\t\ttitle=\"horgues\"\n\t\t\t\t\taria-label=\"horgues\"\n\t\t\t><\/iframe>\n\t\t<\/div>\n\t\t\t\t\t\t<\/div>\n\t\t\t\t\t<\/div>\n\t\t\t\t<\/div>\n\t\t<div class=\"elementor-element elementor-element-0b22dab e-grid e-con-boxed e-con e-parent\" data-id=\"0b22dab\" data-element_type=\"container\" data-e-type=\"container\">\n\t\t\t\t\t<div class=\"e-con-inner\">\n\t\t\t\t<div class=\"elementor-element elementor-element-d28f1c0 elementor-widget elementor-widget-text-editor\" data-id=\"d28f1c0\" data-element_type=\"widget\" data-e-type=\"widget\" data-widget_type=\"text-editor.default\">\n\t\t\t\t\t\t\t\t\t<a href=\"tel:+33783293895\">07 83 29 38 95<\/a>\t\t\t\t\t\t\t\t<\/div>\n\t\t\t\t\t<\/div>\n\t\t\t\t<\/div>\n\t\t<div class=\"elementor-element elementor-element-928f770 e-flex e-con-boxed e-con e-parent\" data-id=\"928f770\" data-element_type=\"container\" data-e-type=\"container\">\n\t\t\t\t\t<div class=\"e-con-inner\">\n\t\t\t\t<div class=\"elementor-element elementor-element-e7e6836 elementor-widget elementor-widget-spacer\" data-id=\"e7e6836\" data-element_type=\"widget\" data-e-type=\"widget\" data-widget_type=\"spacer.default\">\n\t\t\t\t\t\t\t<div class=\"elementor-spacer\">\n\t\t\t<div class=\"elementor-spacer-inner\"><\/div>\n\t\t<\/div>\n\t\t\t\t\t\t<\/div>\n\t\t\t\t\t<\/div>\n\t\t\t\t<\/div>\n\t\t\t\t<\/div>\n\t\t","protected":false},"excerpt":{"rendered":"<p>contact et\/ou prise de RDV Nom * Nom Pr\u00e9nom Pr\u00e9nom Nom Nom T\u00e9l\u00e9phone * E-mail Liste d\u00e9roulante * colorationm\u00e8che ou balayagecoupe brushingcoupe hommebarbecoloration hommepermanentechignoncoupe enfant horaire et jour souhaiter * description du r\u00e9sultat attendu adresse * Envoyer Si vous \u00eates un humain, ne remplissez pas ce champ. 07 83 29 38 95<\/p>\n","protected":false},"author":1,"featured_media":0,"parent":0,"menu_order":0,"comment_status":"closed","ping_status":"closed","template":"","meta":{"sfsi_plus_gutenberg_text_before_share":"","sfsi_plus_gutenberg_show_text_before_share":"","sfsi_plus_gutenberg_icon_type":"","sfsi_plus_gutenberg_icon_alignemt":"","sfsi_plus_gutenburg_max_per_row":"","footnotes":""},"class_list":["post-27","page","type-page","status-publish","hentry","entry"],"yoast_head":"<!-- This site is optimized with the Yoast SEO plugin v27.0 - https:\/\/yoast.com\/product\/yoast-seo-wordpress\/ -->\n<title>contact - Glossy Waves<\/title>\n<meta name=\"description\" content=\"Tel: 07 83 29 38 95 - @: glossywaves@gmail.com\" \/>\n<meta name=\"robots\" content=\"index, follow, max-snippet:-1, max-image-preview:large, max-video-preview:-1\" \/>\n<link rel=\"canonical\" href=\"https:\/\/glossywaves.fr\/index.php\/contact-telephone-mail-prise-de-rendez-vous\/\" \/>\n<meta property=\"og:locale\" content=\"fr_FR\" \/>\n<meta property=\"og:type\" content=\"article\" \/>\n<meta property=\"og:title\" content=\"contact - Glossy Waves\" \/>\n<meta property=\"og:description\" content=\"Tel: 07 83 29 38 95 - @: glossywaves@gmail.com\" \/>\n<meta property=\"og:url\" content=\"https:\/\/glossywaves.fr\/index.php\/contact-telephone-mail-prise-de-rendez-vous\/\" \/>\n<meta property=\"og:site_name\" content=\"Glossy Waves\" \/>\n<meta property=\"article:modified_time\" content=\"2026-03-31T12:18:09+00:00\" \/>\n<meta name=\"twitter:card\" content=\"summary_large_image\" \/>\n<meta name=\"twitter:label1\" content=\"Dur\u00e9e de lecture estim\u00e9e\" \/>\n\t<meta name=\"twitter:data1\" content=\"1 minute\" \/>\n<script type=\"application\/ld+json\" class=\"yoast-schema-graph\">{\"@context\":\"https:\/\/schema.org\",\"@graph\":[{\"@type\":\"WebPage\",\"@id\":\"https:\/\/glossywaves.fr\/index.php\/contact-telephone-mail-prise-de-rendez-vous\/\",\"url\":\"https:\/\/glossywaves.fr\/index.php\/contact-telephone-mail-prise-de-rendez-vous\/\",\"name\":\"contact - Glossy Waves\",\"isPartOf\":{\"@id\":\"https:\/\/glossywaves.fr\/#website\"},\"datePublished\":\"2026-02-17T15:05:25+00:00\",\"dateModified\":\"2026-03-31T12:18:09+00:00\",\"description\":\"Tel: 07 83 29 38 95 - @: glossywaves@gmail.com\",\"breadcrumb\":{\"@id\":\"https:\/\/glossywaves.fr\/index.php\/contact-telephone-mail-prise-de-rendez-vous\/#breadcrumb\"},\"inLanguage\":\"fr-FR\",\"potentialAction\":[{\"@type\":\"ReadAction\",\"target\":[\"https:\/\/glossywaves.fr\/index.php\/contact-telephone-mail-prise-de-rendez-vous\/\"]}]},{\"@type\":\"BreadcrumbList\",\"@id\":\"https:\/\/glossywaves.fr\/index.php\/contact-telephone-mail-prise-de-rendez-vous\/#breadcrumb\",\"itemListElement\":[{\"@type\":\"ListItem\",\"position\":1,\"name\":\"Accueil\",\"item\":\"https:\/\/glossywaves.fr\/\"},{\"@type\":\"ListItem\",\"position\":2,\"name\":\"contact\"}]},{\"@type\":\"WebSite\",\"@id\":\"https:\/\/glossywaves.fr\/#website\",\"url\":\"https:\/\/glossywaves.fr\/\",\"name\":\"Glossy Waves\",\"description\":\"\",\"publisher\":{\"@id\":\"https:\/\/glossywaves.fr\/#organization\"},\"potentialAction\":[{\"@type\":\"SearchAction\",\"target\":{\"@type\":\"EntryPoint\",\"urlTemplate\":\"https:\/\/glossywaves.fr\/?s={search_term_string}\"},\"query-input\":{\"@type\":\"PropertyValueSpecification\",\"valueRequired\":true,\"valueName\":\"search_term_string\"}}],\"inLanguage\":\"fr-FR\"},{\"@type\":\"Organization\",\"@id\":\"https:\/\/glossywaves.fr\/#organization\",\"name\":\"Glossy Waves\",\"url\":\"https:\/\/glossywaves.fr\/\",\"logo\":{\"@type\":\"ImageObject\",\"inLanguage\":\"fr-FR\",\"@id\":\"https:\/\/glossywaves.fr\/#\/schema\/logo\/image\/\",\"url\":\"https:\/\/glossywaves.fr\/wp-content\/uploads\/2026\/02\/cropped-logo-transparent-pdf_page-0001.jpg\",\"contentUrl\":\"https:\/\/glossywaves.fr\/wp-content\/uploads\/2026\/02\/cropped-logo-transparent-pdf_page-0001.jpg\",\"width\":912,\"height\":836,\"caption\":\"Glossy Waves\"},\"image\":{\"@id\":\"https:\/\/glossywaves.fr\/#\/schema\/logo\/image\/\"}}]}<\/script>\n<!-- \/ Yoast SEO plugin. -->","yoast_head_json":{"title":"contact - Glossy Waves","description":"Tel: 07 83 29 38 95 - @: glossywaves@gmail.com","robots":{"index":"index","follow":"follow","max-snippet":"max-snippet:-1","max-image-preview":"max-image-preview:large","max-video-preview":"max-video-preview:-1"},"canonical":"https:\/\/glossywaves.fr\/index.php\/contact-telephone-mail-prise-de-rendez-vous\/","og_locale":"fr_FR","og_type":"article","og_title":"contact - Glossy Waves","og_description":"Tel: 07 83 29 38 95 - @: glossywaves@gmail.com","og_url":"https:\/\/glossywaves.fr\/index.php\/contact-telephone-mail-prise-de-rendez-vous\/","og_site_name":"Glossy Waves","article_modified_time":"2026-03-31T12:18:09+00:00","twitter_card":"summary_large_image","twitter_misc":{"Dur\u00e9e de lecture estim\u00e9e":"1 minute"},"schema":{"@context":"https:\/\/schema.org","@graph":[{"@type":"WebPage","@id":"https:\/\/glossywaves.fr\/index.php\/contact-telephone-mail-prise-de-rendez-vous\/","url":"https:\/\/glossywaves.fr\/index.php\/contact-telephone-mail-prise-de-rendez-vous\/","name":"contact - Glossy Waves","isPartOf":{"@id":"https:\/\/glossywaves.fr\/#website"},"datePublished":"2026-02-17T15:05:25+00:00","dateModified":"2026-03-31T12:18:09+00:00","description":"Tel: 07 83 29 38 95 - @: glossywaves@gmail.com","breadcrumb":{"@id":"https:\/\/glossywaves.fr\/index.php\/contact-telephone-mail-prise-de-rendez-vous\/#breadcrumb"},"inLanguage":"fr-FR","potentialAction":[{"@type":"ReadAction","target":["https:\/\/glossywaves.fr\/index.php\/contact-telephone-mail-prise-de-rendez-vous\/"]}]},{"@type":"BreadcrumbList","@id":"https:\/\/glossywaves.fr\/index.php\/contact-telephone-mail-prise-de-rendez-vous\/#breadcrumb","itemListElement":[{"@type":"ListItem","position":1,"name":"Accueil","item":"https:\/\/glossywaves.fr\/"},{"@type":"ListItem","position":2,"name":"contact"}]},{"@type":"WebSite","@id":"https:\/\/glossywaves.fr\/#website","url":"https:\/\/glossywaves.fr\/","name":"Glossy Waves","description":"","publisher":{"@id":"https:\/\/glossywaves.fr\/#organization"},"potentialAction":[{"@type":"SearchAction","target":{"@type":"EntryPoint","urlTemplate":"https:\/\/glossywaves.fr\/?s={search_term_string}"},"query-input":{"@type":"PropertyValueSpecification","valueRequired":true,"valueName":"search_term_string"}}],"inLanguage":"fr-FR"},{"@type":"Organization","@id":"https:\/\/glossywaves.fr\/#organization","name":"Glossy Waves","url":"https:\/\/glossywaves.fr\/","logo":{"@type":"ImageObject","inLanguage":"fr-FR","@id":"https:\/\/glossywaves.fr\/#\/schema\/logo\/image\/","url":"https:\/\/glossywaves.fr\/wp-content\/uploads\/2026\/02\/cropped-logo-transparent-pdf_page-0001.jpg","contentUrl":"https:\/\/glossywaves.fr\/wp-content\/uploads\/2026\/02\/cropped-logo-transparent-pdf_page-0001.jpg","width":912,"height":836,"caption":"Glossy Waves"},"image":{"@id":"https:\/\/glossywaves.fr\/#\/schema\/logo\/image\/"}}]}},"_links":{"self":[{"href":"https:\/\/glossywaves.fr\/index.php\/wp-json\/wp\/v2\/pages\/27","targetHints":{"allow":["GET"]}}],"collection":[{"href":"https:\/\/glossywaves.fr\/index.php\/wp-json\/wp\/v2\/pages"}],"about":[{"href":"https:\/\/glossywaves.fr\/index.php\/wp-json\/wp\/v2\/types\/page"}],"author":[{"embeddable":true,"href":"https:\/\/glossywaves.fr\/index.php\/wp-json\/wp\/v2\/users\/1"}],"replies":[{"embeddable":true,"href":"https:\/\/glossywaves.fr\/index.php\/wp-json\/wp\/v2\/comments?post=27"}],"version-history":[{"count":19,"href":"https:\/\/glossywaves.fr\/index.php\/wp-json\/wp\/v2\/pages\/27\/revisions"}],"predecessor-version":[{"id":447,"href":"https:\/\/glossywaves.fr\/index.php\/wp-json\/wp\/v2\/pages\/27\/revisions\/447"}],"wp:attachment":[{"href":"https:\/\/glossywaves.fr\/index.php\/wp-json\/wp\/v2\/media?parent=27"}],"curies":[{"name":"wp","href":"https:\/\/api.w.org\/{rel}","templated":true}]}}