{"id":17,"date":"2026-02-17T14:20:54","date_gmt":"2026-02-17T14:20:54","guid":{"rendered":"http:\/\/glossywaves.fr\/?page_id=17"},"modified":"2026-03-31T09:04:59","modified_gmt":"2026-03-31T09:04:59","slug":"mon-story-tellingcoiffeusemon-histoire","status":"publish","type":"page","link":"https:\/\/glossywaves.fr\/index.php\/mon-story-tellingcoiffeusemon-histoire\/","title":{"rendered":"A propos"},"content":{"rendered":"\t\t<div data-elementor-type=\"wp-page\" data-elementor-id=\"17\" class=\"elementor elementor-17\">\n\t\t\t\t<div class=\"elementor-element elementor-element-09afd20 e-flex e-con-boxed e-con e-parent\" data-id=\"09afd20\" data-element_type=\"container\" data-e-type=\"container\">\n\t\t\t\t\t<div class=\"e-con-inner\">\n\t\t\t\t<div class=\"elementor-element elementor-element-8eb26df elementor-widget elementor-widget-heading\" data-id=\"8eb26df\" data-element_type=\"widget\" data-e-type=\"widget\" data-widget_type=\"heading.default\">\n\t\t\t\t\t<h2 class=\"elementor-heading-title elementor-size-default\">Mon Histoire <\/h2>\t\t\t\t<\/div>\n\t\t\t\t\t<\/div>\n\t\t\t\t<\/div>\n\t\t<div class=\"elementor-element elementor-element-585227a e-grid e-con-boxed e-con e-parent\" data-id=\"585227a\" data-element_type=\"container\" data-e-type=\"container\">\n\t\t\t\t\t<div class=\"e-con-inner\">\n\t\t\t\t<div class=\"elementor-element elementor-element-4616e0b elementor-widget elementor-widget-heading\" data-id=\"4616e0b\" data-element_type=\"widget\" data-e-type=\"widget\" data-widget_type=\"heading.default\">\n\t\t\t\t\t<h2 class=\"elementor-heading-title elementor-size-default\">\"Il faut souffrir pour \u00eatre belle\" <\/h2>\t\t\t\t<\/div>\n\t\t\t\t\t<\/div>\n\t\t\t\t<\/div>\n\t\t<div class=\"elementor-element elementor-element-615e17c e-flex e-con-boxed e-con e-parent\" data-id=\"615e17c\" data-element_type=\"container\" data-e-type=\"container\">\n\t\t\t\t\t<div class=\"e-con-inner\">\n\t\t\t\t<div class=\"elementor-element elementor-element-8a64e79 elementor-widget elementor-widget-text-editor\" data-id=\"8a64e79\" data-element_type=\"widget\" data-e-type=\"widget\" data-widget_type=\"text-editor.default\">\n\t\t\t\t\t\t\t\t\t<p>Cette phrase que l&rsquo;on entend depuis on ne sait quand d\u00e8s le plus jeune age\u00a0<\/p>\t\t\t\t\t\t\t\t<\/div>\n\t\t\t\t\t<\/div>\n\t\t\t\t<\/div>\n\t\t<div class=\"elementor-element elementor-element-43116ae e-flex e-con-boxed e-con e-parent\" data-id=\"43116ae\" data-element_type=\"container\" data-e-type=\"container\">\n\t\t\t\t\t<div class=\"e-con-inner\">\n\t\t\t\t<div class=\"elementor-element elementor-element-97c31ea elementor-widget elementor-widget-heading\" data-id=\"97c31ea\" data-element_type=\"widget\" data-e-type=\"widget\" data-widget_type=\"heading.default\">\n\t\t\t\t\t<h2 class=\"elementor-heading-title elementor-size-default\">Mais pourquoi? Est ce r\u00e9ellement n\u00e9cessaire ?<\/h2>\t\t\t\t<\/div>\n\t\t\t\t\t<\/div>\n\t\t\t\t<\/div>\n\t\t<div class=\"elementor-element elementor-element-74eb18a e-grid e-con-boxed e-con e-parent\" data-id=\"74eb18a\" data-element_type=\"container\" data-e-type=\"container\">\n\t\t\t\t\t<div class=\"e-con-inner\">\n\t\t\t\t<div class=\"elementor-element elementor-element-aebf548 elementor-widget elementor-widget-text-editor\" data-id=\"aebf548\" data-element_type=\"widget\" data-e-type=\"widget\" data-widget_type=\"text-editor.default\">\n\t\t\t\t\t\t\t\t\t<p>D\u00e8s l&rsquo;enfance que ce soit le d\u00e9m\u00ealage de votre chevelure ou un simple coiffage vous avez surement d\u00e9j\u00e0 tous redout\u00e9 ce moment de tirage de cheveux auquel, pour ma pars, je r\u00e9pondait \u00a0\u00bb Je pr\u00e9f\u00e8re \u00eatre moche \u00a0\u00bb en courant autour de la table \u00e0 manger.<\/p><p>Aujourd&rsquo;hui 20 ans plus tard dipl\u00f4m\u00e9e d&rsquo;un CAP et d&rsquo;un BP coiffure 4 ans de concours en chignon mari\u00e9e , gala , et d\u00e9tach\u00e9s certain m\u00eame en \u00e9quipe de France\u00a0<\/p><p>J&rsquo;entends toujours cette m\u00eame phrase dans les salons de coiffure.<\/p>\t\t\t\t\t\t\t\t<\/div>\n\t\t\t\t\t<\/div>\n\t\t\t\t<\/div>\n\t\t<div class=\"elementor-element elementor-element-8c4f22e e-grid e-con-boxed e-con e-parent\" data-id=\"8c4f22e\" data-element_type=\"container\" data-e-type=\"container\">\n\t\t\t\t\t<div class=\"e-con-inner\">\n\t\t\t\t<div class=\"elementor-element elementor-element-c11f566 elementor-widget elementor-widget-heading\" data-id=\"c11f566\" data-element_type=\"widget\" data-e-type=\"widget\" data-widget_type=\"heading.default\">\n\t\t\t\t\t<h2 class=\"elementor-heading-title elementor-size-default\">Pourquoi?<\/h2>\t\t\t\t<\/div>\n\t\t\t\t\t<\/div>\n\t\t\t\t<\/div>\n\t\t<div class=\"elementor-element elementor-element-62b6c12 e-grid e-con-boxed e-con e-parent\" data-id=\"62b6c12\" data-element_type=\"container\" data-e-type=\"container\">\n\t\t\t\t\t<div class=\"e-con-inner\">\n\t\t\t\t<div class=\"elementor-element elementor-element-e596c4d elementor-widget elementor-widget-text-editor\" data-id=\"e596c4d\" data-element_type=\"widget\" data-e-type=\"widget\" data-widget_type=\"text-editor.default\">\n\t\t\t\t\t\t\t\t\t<p>La r\u00e9ponse est plut\u00f4t simple ce qui est malheureusement le cas de beaucoup de salon de coiffure on ne peut pas toujours prendre le temps de chouchouter r\u00e9ellement nos client(e)s , tous regrouper dans cette m\u00eame pi\u00e8ce assis \u00e0 attendre et \u00e0 devoir entendre toute les histoires des un et des autres durant les temps de pause ou m\u00eame ces moment de shampooing et soin qui devraient \u00eatre un moment de d\u00e9tente et ou se faire tirer les cheveux par manque de temps\u00a0<\/p><p>Pour cela je propose mes services en tant que coiffeuse pour vous, chez vous, plus besoin de se d\u00e9placer, ce qui parfois est tr\u00e8s compliqu\u00e9 surtout lorsque l&rsquo;on est \u00e0 mobilit\u00e9 r\u00e9duite, vous n&rsquo;aurez plus le souci du trajet ou du temps qu&rsquo;il fait, ce serait plus cocooning, votre moment d\u00e9tente rien qu&rsquo;\u00e0 vous o\u00f9 vous serait seul dans votre bulle.\u00a0<\/p><p>plus de pressions de temps et surtout une client\u00e8le d\u00e9tendue et satisfaite !<\/p>\t\t\t\t\t\t\t\t<\/div>\n\t\t\t\t\t<\/div>\n\t\t\t\t<\/div>\n\t\t\t\t<\/div>\n\t\t","protected":false},"excerpt":{"rendered":"<p>Mon Histoire \u00ab\u00a0Il faut souffrir pour \u00eatre belle\u00a0\u00bb Cette phrase que l&rsquo;on entend depuis on ne sait quand d\u00e8s le plus jeune age Mais pourquoi? Est ce r\u00e9ellement n\u00e9cessaire ? D\u00e8s l&rsquo;enfance que ce soit le d\u00e9m\u00ealage de votre chevelure ou un simple coiffage vous avez surement d\u00e9j\u00e0 tous redout\u00e9 ce moment de tirage de [&hellip;]<\/p>\n","protected":false},"author":1,"featured_media":0,"parent":0,"menu_order":0,"comment_status":"closed","ping_status":"closed","template":"","meta":{"sfsi_plus_gutenberg_text_before_share":"","sfsi_plus_gutenberg_show_text_before_share":"","sfsi_plus_gutenberg_icon_type":"","sfsi_plus_gutenberg_icon_alignemt":"","sfsi_plus_gutenburg_max_per_row":"","footnotes":""},"class_list":["post-17","page","type-page","status-publish","hentry","entry"],"yoast_head":"<!-- This site is optimized with the Yoast SEO plugin v27.0 - https:\/\/yoast.com\/product\/yoast-seo-wordpress\/ -->\n<title>A propos - Glossy Waves<\/title>\n<meta name=\"description\" content=\"Coiffeuse \u00e0 domicile professionnelle bas\u00e9e \u00e0 Horgues (65310), je me d\u00e9place dans un rayon de 45 km pour vous offrir des prestations de coiffure personnalis\u00e9es directement chez vous, dans le confort de votre environnement.Je propose des services pour toute la famille : femmes, hommes et enfants. Que ce soit pour une coupe, un brushing, une coloration, des m\u00e8ches ou une permanente, je mets mon savoir-faire \u00e0 votre service pour sublimer vos cheveux selon vos envies.\" \/>\n<meta name=\"robots\" content=\"index, follow, max-snippet:-1, max-image-preview:large, max-video-preview:-1\" \/>\n<link rel=\"canonical\" href=\"https:\/\/glossywaves.fr\/index.php\/mon-story-tellingcoiffeusemon-histoire\/\" \/>\n<meta property=\"og:locale\" content=\"fr_FR\" \/>\n<meta property=\"og:type\" content=\"article\" \/>\n<meta property=\"og:title\" content=\"A propos - Glossy Waves\" \/>\n<meta property=\"og:description\" content=\"Coiffeuse \u00e0 domicile professionnelle bas\u00e9e \u00e0 Horgues (65310), je me d\u00e9place dans un rayon de 45 km pour vous offrir des prestations de coiffure personnalis\u00e9es directement chez vous, dans le confort de votre environnement.Je propose des services pour toute la famille : femmes, hommes et enfants. Que ce soit pour une coupe, un brushing, une coloration, des m\u00e8ches ou une permanente, je mets mon savoir-faire \u00e0 votre service pour sublimer vos cheveux selon vos envies.\" \/>\n<meta property=\"og:url\" content=\"https:\/\/glossywaves.fr\/index.php\/mon-story-tellingcoiffeusemon-histoire\/\" \/>\n<meta property=\"og:site_name\" content=\"Glossy Waves\" \/>\n<meta property=\"article:modified_time\" content=\"2026-03-31T09:04:59+00:00\" \/>\n<meta name=\"twitter:card\" content=\"summary_large_image\" \/>\n<meta name=\"twitter:label1\" content=\"Dur\u00e9e de lecture estim\u00e9e\" \/>\n\t<meta name=\"twitter:data1\" content=\"2 minutes\" \/>\n<script type=\"application\/ld+json\" class=\"yoast-schema-graph\">{\"@context\":\"https:\/\/schema.org\",\"@graph\":[{\"@type\":\"WebPage\",\"@id\":\"https:\/\/glossywaves.fr\/index.php\/mon-story-tellingcoiffeusemon-histoire\/\",\"url\":\"https:\/\/glossywaves.fr\/index.php\/mon-story-tellingcoiffeusemon-histoire\/\",\"name\":\"A propos - Glossy Waves\",\"isPartOf\":{\"@id\":\"https:\/\/glossywaves.fr\/#website\"},\"datePublished\":\"2026-02-17T14:20:54+00:00\",\"dateModified\":\"2026-03-31T09:04:59+00:00\",\"description\":\"Coiffeuse \u00e0 domicile professionnelle bas\u00e9e \u00e0 Horgues (65310), je me d\u00e9place dans un rayon de 45 km pour vous offrir des prestations de coiffure personnalis\u00e9es directement chez vous, dans le confort de votre environnement.Je propose des services pour toute la famille : femmes, hommes et enfants. Que ce soit pour une coupe, un brushing, une coloration, des m\u00e8ches ou une permanente, je mets mon savoir-faire \u00e0 votre service pour sublimer vos cheveux selon vos envies.\",\"breadcrumb\":{\"@id\":\"https:\/\/glossywaves.fr\/index.php\/mon-story-tellingcoiffeusemon-histoire\/#breadcrumb\"},\"inLanguage\":\"fr-FR\",\"potentialAction\":[{\"@type\":\"ReadAction\",\"target\":[\"https:\/\/glossywaves.fr\/index.php\/mon-story-tellingcoiffeusemon-histoire\/\"]}]},{\"@type\":\"BreadcrumbList\",\"@id\":\"https:\/\/glossywaves.fr\/index.php\/mon-story-tellingcoiffeusemon-histoire\/#breadcrumb\",\"itemListElement\":[{\"@type\":\"ListItem\",\"position\":1,\"name\":\"Accueil\",\"item\":\"https:\/\/glossywaves.fr\/\"},{\"@type\":\"ListItem\",\"position\":2,\"name\":\"A propos\"}]},{\"@type\":\"WebSite\",\"@id\":\"https:\/\/glossywaves.fr\/#website\",\"url\":\"https:\/\/glossywaves.fr\/\",\"name\":\"Glossy Waves\",\"description\":\"\",\"publisher\":{\"@id\":\"https:\/\/glossywaves.fr\/#organization\"},\"potentialAction\":[{\"@type\":\"SearchAction\",\"target\":{\"@type\":\"EntryPoint\",\"urlTemplate\":\"https:\/\/glossywaves.fr\/?s={search_term_string}\"},\"query-input\":{\"@type\":\"PropertyValueSpecification\",\"valueRequired\":true,\"valueName\":\"search_term_string\"}}],\"inLanguage\":\"fr-FR\"},{\"@type\":\"Organization\",\"@id\":\"https:\/\/glossywaves.fr\/#organization\",\"name\":\"Glossy Waves\",\"url\":\"https:\/\/glossywaves.fr\/\",\"logo\":{\"@type\":\"ImageObject\",\"inLanguage\":\"fr-FR\",\"@id\":\"https:\/\/glossywaves.fr\/#\/schema\/logo\/image\/\",\"url\":\"https:\/\/glossywaves.fr\/wp-content\/uploads\/2026\/02\/cropped-logo-transparent-pdf_page-0001.jpg\",\"contentUrl\":\"https:\/\/glossywaves.fr\/wp-content\/uploads\/2026\/02\/cropped-logo-transparent-pdf_page-0001.jpg\",\"width\":912,\"height\":836,\"caption\":\"Glossy Waves\"},\"image\":{\"@id\":\"https:\/\/glossywaves.fr\/#\/schema\/logo\/image\/\"}}]}<\/script>\n<!-- \/ Yoast SEO plugin. -->","yoast_head_json":{"title":"A propos - Glossy Waves","description":"Coiffeuse \u00e0 domicile professionnelle bas\u00e9e \u00e0 Horgues (65310), je me d\u00e9place dans un rayon de 45 km pour vous offrir des prestations de coiffure personnalis\u00e9es directement chez vous, dans le confort de votre environnement.Je propose des services pour toute la famille : femmes, hommes et enfants. Que ce soit pour une coupe, un brushing, une coloration, des m\u00e8ches ou une permanente, je mets mon savoir-faire \u00e0 votre service pour sublimer vos cheveux selon vos envies.","robots":{"index":"index","follow":"follow","max-snippet":"max-snippet:-1","max-image-preview":"max-image-preview:large","max-video-preview":"max-video-preview:-1"},"canonical":"https:\/\/glossywaves.fr\/index.php\/mon-story-tellingcoiffeusemon-histoire\/","og_locale":"fr_FR","og_type":"article","og_title":"A propos - Glossy Waves","og_description":"Coiffeuse \u00e0 domicile professionnelle bas\u00e9e \u00e0 Horgues (65310), je me d\u00e9place dans un rayon de 45 km pour vous offrir des prestations de coiffure personnalis\u00e9es directement chez vous, dans le confort de votre environnement.Je propose des services pour toute la famille : femmes, hommes et enfants. Que ce soit pour une coupe, un brushing, une coloration, des m\u00e8ches ou une permanente, je mets mon savoir-faire \u00e0 votre service pour sublimer vos cheveux selon vos envies.","og_url":"https:\/\/glossywaves.fr\/index.php\/mon-story-tellingcoiffeusemon-histoire\/","og_site_name":"Glossy Waves","article_modified_time":"2026-03-31T09:04:59+00:00","twitter_card":"summary_large_image","twitter_misc":{"Dur\u00e9e de lecture estim\u00e9e":"2 minutes"},"schema":{"@context":"https:\/\/schema.org","@graph":[{"@type":"WebPage","@id":"https:\/\/glossywaves.fr\/index.php\/mon-story-tellingcoiffeusemon-histoire\/","url":"https:\/\/glossywaves.fr\/index.php\/mon-story-tellingcoiffeusemon-histoire\/","name":"A propos - Glossy Waves","isPartOf":{"@id":"https:\/\/glossywaves.fr\/#website"},"datePublished":"2026-02-17T14:20:54+00:00","dateModified":"2026-03-31T09:04:59+00:00","description":"Coiffeuse \u00e0 domicile professionnelle bas\u00e9e \u00e0 Horgues (65310), je me d\u00e9place dans un rayon de 45 km pour vous offrir des prestations de coiffure personnalis\u00e9es directement chez vous, dans le confort de votre environnement.Je propose des services pour toute la famille : femmes, hommes et enfants. Que ce soit pour une coupe, un brushing, une coloration, des m\u00e8ches ou une permanente, je mets mon savoir-faire \u00e0 votre service pour sublimer vos cheveux selon vos envies.","breadcrumb":{"@id":"https:\/\/glossywaves.fr\/index.php\/mon-story-tellingcoiffeusemon-histoire\/#breadcrumb"},"inLanguage":"fr-FR","potentialAction":[{"@type":"ReadAction","target":["https:\/\/glossywaves.fr\/index.php\/mon-story-tellingcoiffeusemon-histoire\/"]}]},{"@type":"BreadcrumbList","@id":"https:\/\/glossywaves.fr\/index.php\/mon-story-tellingcoiffeusemon-histoire\/#breadcrumb","itemListElement":[{"@type":"ListItem","position":1,"name":"Accueil","item":"https:\/\/glossywaves.fr\/"},{"@type":"ListItem","position":2,"name":"A propos"}]},{"@type":"WebSite","@id":"https:\/\/glossywaves.fr\/#website","url":"https:\/\/glossywaves.fr\/","name":"Glossy Waves","description":"","publisher":{"@id":"https:\/\/glossywaves.fr\/#organization"},"potentialAction":[{"@type":"SearchAction","target":{"@type":"EntryPoint","urlTemplate":"https:\/\/glossywaves.fr\/?s={search_term_string}"},"query-input":{"@type":"PropertyValueSpecification","valueRequired":true,"valueName":"search_term_string"}}],"inLanguage":"fr-FR"},{"@type":"Organization","@id":"https:\/\/glossywaves.fr\/#organization","name":"Glossy Waves","url":"https:\/\/glossywaves.fr\/","logo":{"@type":"ImageObject","inLanguage":"fr-FR","@id":"https:\/\/glossywaves.fr\/#\/schema\/logo\/image\/","url":"https:\/\/glossywaves.fr\/wp-content\/uploads\/2026\/02\/cropped-logo-transparent-pdf_page-0001.jpg","contentUrl":"https:\/\/glossywaves.fr\/wp-content\/uploads\/2026\/02\/cropped-logo-transparent-pdf_page-0001.jpg","width":912,"height":836,"caption":"Glossy Waves"},"image":{"@id":"https:\/\/glossywaves.fr\/#\/schema\/logo\/image\/"}}]}},"_links":{"self":[{"href":"https:\/\/glossywaves.fr\/index.php\/wp-json\/wp\/v2\/pages\/17","targetHints":{"allow":["GET"]}}],"collection":[{"href":"https:\/\/glossywaves.fr\/index.php\/wp-json\/wp\/v2\/pages"}],"about":[{"href":"https:\/\/glossywaves.fr\/index.php\/wp-json\/wp\/v2\/types\/page"}],"author":[{"embeddable":true,"href":"https:\/\/glossywaves.fr\/index.php\/wp-json\/wp\/v2\/users\/1"}],"replies":[{"embeddable":true,"href":"https:\/\/glossywaves.fr\/index.php\/wp-json\/wp\/v2\/comments?post=17"}],"version-history":[{"count":17,"href":"https:\/\/glossywaves.fr\/index.php\/wp-json\/wp\/v2\/pages\/17\/revisions"}],"predecessor-version":[{"id":526,"href":"https:\/\/glossywaves.fr\/index.php\/wp-json\/wp\/v2\/pages\/17\/revisions\/526"}],"wp:attachment":[{"href":"https:\/\/glossywaves.fr\/index.php\/wp-json\/wp\/v2\/media?parent=17"}],"curies":[{"name":"wp","href":"https:\/\/api.w.org\/{rel}","templated":true}]}}