{"id":133,"date":"2026-02-24T13:08:53","date_gmt":"2026-02-24T13:08:53","guid":{"rendered":"https:\/\/glossywaves.fr\/?page_id=133"},"modified":"2026-03-31T06:56:06","modified_gmt":"2026-03-31T06:56:06","slug":"coloration-homme","status":"publish","type":"page","link":"https:\/\/glossywaves.fr\/index.php\/coloration-homme\/","title":{"rendered":"coloration homme"},"content":{"rendered":"\t\t<div data-elementor-type=\"wp-page\" data-elementor-id=\"133\" class=\"elementor elementor-133\">\n\t\t\t\t<div class=\"elementor-element elementor-element-e3002c1 e-grid e-con-boxed e-con e-parent\" data-id=\"e3002c1\" data-element_type=\"container\" data-e-type=\"container\">\n\t\t\t\t\t<div class=\"e-con-inner\">\n\t\t\t\t<div class=\"elementor-element elementor-element-d80d32d elementor-widget elementor-widget-heading\" data-id=\"d80d32d\" data-element_type=\"widget\" data-e-type=\"widget\" data-widget_type=\"heading.default\">\n\t\t\t\t\t<h2 class=\"elementor-heading-title elementor-size-default\">Coloration homme american crew <\/h2>\t\t\t\t<\/div>\n\t\t\t\t\t<\/div>\n\t\t\t\t<\/div>\n\t\t<div class=\"elementor-element elementor-element-5e1a406 e-grid e-con-boxed e-con e-parent\" data-id=\"5e1a406\" data-element_type=\"container\" data-e-type=\"container\">\n\t\t\t\t\t<div class=\"e-con-inner\">\n\t\t\t\t<div class=\"elementor-element elementor-element-f64f410 elementor-widget elementor-widget-image\" data-id=\"f64f410\" data-element_type=\"widget\" data-e-type=\"widget\" data-widget_type=\"image.default\">\n\t\t\t\t\t\t\t\t\t\t\t\t\t\t\t<img fetchpriority=\"high\" decoding=\"async\" width=\"768\" height=\"1020\" src=\"https:\/\/glossywaves.fr\/wp-content\/uploads\/2026\/03\/411-768x1020.jpg\" class=\"attachment-medium_large size-medium_large wp-image-191\" alt=\"\" srcset=\"https:\/\/glossywaves.fr\/wp-content\/uploads\/2026\/03\/411-768x1020.jpg 768w, https:\/\/glossywaves.fr\/wp-content\/uploads\/2026\/03\/411-226x300.jpg 226w, https:\/\/glossywaves.fr\/wp-content\/uploads\/2026\/03\/411-771x1024.jpg 771w, https:\/\/glossywaves.fr\/wp-content\/uploads\/2026\/03\/411-1157x1536.jpg 1157w, https:\/\/glossywaves.fr\/wp-content\/uploads\/2026\/03\/411-1542x2048.jpg 1542w, https:\/\/glossywaves.fr\/wp-content\/uploads\/2026\/03\/411-scaled.jpg 1928w\" sizes=\"(max-width: 768px) 100vw, 768px\" \/>\t\t\t\t\t\t\t\t\t\t\t\t\t\t\t<\/div>\n\t\t\t\t<div class=\"elementor-element elementor-element-e7dcc61 elementor-widget elementor-widget-image\" data-id=\"e7dcc61\" data-element_type=\"widget\" data-e-type=\"widget\" data-widget_type=\"image.default\">\n\t\t\t\t\t\t\t\t\t\t\t\t\t\t\t<img decoding=\"async\" width=\"768\" height=\"1020\" src=\"https:\/\/glossywaves.fr\/wp-content\/uploads\/2026\/03\/414-768x1020.jpg\" class=\"attachment-medium_large size-medium_large wp-image-192\" alt=\"\" srcset=\"https:\/\/glossywaves.fr\/wp-content\/uploads\/2026\/03\/414-768x1020.jpg 768w, https:\/\/glossywaves.fr\/wp-content\/uploads\/2026\/03\/414-226x300.jpg 226w, https:\/\/glossywaves.fr\/wp-content\/uploads\/2026\/03\/414-771x1024.jpg 771w, https:\/\/glossywaves.fr\/wp-content\/uploads\/2026\/03\/414-1157x1536.jpg 1157w, https:\/\/glossywaves.fr\/wp-content\/uploads\/2026\/03\/414-1542x2048.jpg 1542w, https:\/\/glossywaves.fr\/wp-content\/uploads\/2026\/03\/414-scaled.jpg 1928w\" sizes=\"(max-width: 768px) 100vw, 768px\" \/>\t\t\t\t\t\t\t\t\t\t\t\t\t\t\t<\/div>\n\t\t\t\t\t<\/div>\n\t\t\t\t<\/div>\n\t\t<div class=\"elementor-element elementor-element-92ff1e9 e-grid e-con-boxed e-con e-parent\" data-id=\"92ff1e9\" data-element_type=\"container\" data-e-type=\"container\">\n\t\t\t\t\t<div class=\"e-con-inner\">\n\t\t\t\t<div class=\"elementor-element elementor-element-93e0066 elementor-widget elementor-widget-heading\" data-id=\"93e0066\" data-element_type=\"widget\" data-e-type=\"widget\" data-widget_type=\"heading.default\">\n\t\t\t\t\t<h2 class=\"elementor-heading-title elementor-size-default\">Avant<\/h2>\t\t\t\t<\/div>\n\t\t\t\t<div class=\"elementor-element elementor-element-320f28b elementor-widget elementor-widget-heading\" data-id=\"320f28b\" data-element_type=\"widget\" data-e-type=\"widget\" data-widget_type=\"heading.default\">\n\t\t\t\t\t<h2 class=\"elementor-heading-title elementor-size-default\">Apr\u00e8s <\/h2>\t\t\t\t<\/div>\n\t\t\t\t\t<\/div>\n\t\t\t\t<\/div>\n\t\t<div class=\"elementor-element elementor-element-3e6c487 e-grid e-con-boxed e-con e-parent\" data-id=\"3e6c487\" data-element_type=\"container\" data-e-type=\"container\">\n\t\t\t\t\t<div class=\"e-con-inner\">\n\t\t\t\t<div class=\"elementor-element elementor-element-63dadeb elementor-widget elementor-widget-text-editor\" data-id=\"63dadeb\" data-element_type=\"widget\" data-e-type=\"widget\" data-widget_type=\"text-editor.default\">\n\t\t\t\t\t\t\t\t\t<p>Le service coloration american crew homme neutralise les reflets ind\u00e9sirables, estompe les cheveux blancs, ravive le cheveux terne et redonne texture et mati\u00e8re au cheveu\u00a0<\/p><p>Donne un r\u00e9sultat naturel en 5 minutes top chrono\u00a0<\/p><p>S&rsquo;estompe au fur et \u00e0 mesure des shampooing (environ 25) sans effet racine\u00a0<\/p>\t\t\t\t\t\t\t\t<\/div>\n\t\t\t\t\t<\/div>\n\t\t\t\t<\/div>\n\t\t\t\t<\/div>\n\t\t","protected":false},"excerpt":{"rendered":"<p>Coloration homme american crew Avant Apr\u00e8s Le service coloration american crew homme neutralise les reflets ind\u00e9sirables, estompe les cheveux blancs, ravive le cheveux terne et redonne texture et mati\u00e8re au cheveu\u00a0 Donne un r\u00e9sultat naturel en 5 minutes top chrono\u00a0 S&rsquo;estompe au fur et \u00e0 mesure des shampooing (environ 25) sans effet racine\u00a0<\/p>\n","protected":false},"author":1,"featured_media":0,"parent":0,"menu_order":0,"comment_status":"closed","ping_status":"closed","template":"","meta":{"sfsi_plus_gutenberg_text_before_share":"","sfsi_plus_gutenberg_show_text_before_share":"","sfsi_plus_gutenberg_icon_type":"","sfsi_plus_gutenberg_icon_alignemt":"","sfsi_plus_gutenburg_max_per_row":"","footnotes":""},"class_list":["post-133","page","type-page","status-publish","hentry","entry"],"yoast_head":"<!-- This site is optimized with the Yoast SEO plugin v27.0 - https:\/\/yoast.com\/product\/yoast-seo-wordpress\/ -->\n<title>coloration homme - Glossy Waves<\/title>\n<meta name=\"robots\" content=\"index, follow, max-snippet:-1, max-image-preview:large, max-video-preview:-1\" \/>\n<link rel=\"canonical\" href=\"https:\/\/glossywaves.fr\/index.php\/coloration-homme\/\" \/>\n<meta property=\"og:locale\" content=\"fr_FR\" \/>\n<meta property=\"og:type\" content=\"article\" \/>\n<meta property=\"og:title\" content=\"coloration homme - Glossy Waves\" \/>\n<meta property=\"og:description\" content=\"Coloration homme american crew Avant Apr\u00e8s Le service coloration american crew homme neutralise les reflets ind\u00e9sirables, estompe les cheveux blancs, ravive le cheveux terne et redonne texture et mati\u00e8re au cheveu\u00a0 Donne un r\u00e9sultat naturel en 5 minutes top chrono\u00a0 S&rsquo;estompe au fur et \u00e0 mesure des shampooing (environ 25) sans effet racine\u00a0\" \/>\n<meta property=\"og:url\" content=\"https:\/\/glossywaves.fr\/index.php\/coloration-homme\/\" \/>\n<meta property=\"og:site_name\" content=\"Glossy Waves\" \/>\n<meta property=\"article:modified_time\" content=\"2026-03-31T06:56:06+00:00\" \/>\n<meta property=\"og:image\" content=\"http:\/\/glossywaves.fr\/wp-content\/uploads\/2026\/03\/411-768x1020.jpg\" \/>\n<meta name=\"twitter:card\" content=\"summary_large_image\" \/>\n<meta name=\"twitter:label1\" content=\"Dur\u00e9e de lecture estim\u00e9e\" \/>\n\t<meta name=\"twitter:data1\" content=\"1 minute\" \/>\n<script type=\"application\/ld+json\" class=\"yoast-schema-graph\">{\"@context\":\"https:\/\/schema.org\",\"@graph\":[{\"@type\":\"WebPage\",\"@id\":\"https:\/\/glossywaves.fr\/index.php\/coloration-homme\/\",\"url\":\"https:\/\/glossywaves.fr\/index.php\/coloration-homme\/\",\"name\":\"coloration homme - Glossy Waves\",\"isPartOf\":{\"@id\":\"https:\/\/glossywaves.fr\/#website\"},\"primaryImageOfPage\":{\"@id\":\"https:\/\/glossywaves.fr\/index.php\/coloration-homme\/#primaryimage\"},\"image\":{\"@id\":\"https:\/\/glossywaves.fr\/index.php\/coloration-homme\/#primaryimage\"},\"thumbnailUrl\":\"http:\/\/glossywaves.fr\/wp-content\/uploads\/2026\/03\/411-768x1020.jpg\",\"datePublished\":\"2026-02-24T13:08:53+00:00\",\"dateModified\":\"2026-03-31T06:56:06+00:00\",\"breadcrumb\":{\"@id\":\"https:\/\/glossywaves.fr\/index.php\/coloration-homme\/#breadcrumb\"},\"inLanguage\":\"fr-FR\",\"potentialAction\":[{\"@type\":\"ReadAction\",\"target\":[\"https:\/\/glossywaves.fr\/index.php\/coloration-homme\/\"]}]},{\"@type\":\"ImageObject\",\"inLanguage\":\"fr-FR\",\"@id\":\"https:\/\/glossywaves.fr\/index.php\/coloration-homme\/#primaryimage\",\"url\":\"https:\/\/glossywaves.fr\/wp-content\/uploads\/2026\/03\/411-scaled.jpg\",\"contentUrl\":\"https:\/\/glossywaves.fr\/wp-content\/uploads\/2026\/03\/411-scaled.jpg\",\"width\":1928,\"height\":2560},{\"@type\":\"BreadcrumbList\",\"@id\":\"https:\/\/glossywaves.fr\/index.php\/coloration-homme\/#breadcrumb\",\"itemListElement\":[{\"@type\":\"ListItem\",\"position\":1,\"name\":\"Accueil\",\"item\":\"https:\/\/glossywaves.fr\/\"},{\"@type\":\"ListItem\",\"position\":2,\"name\":\"coloration homme\"}]},{\"@type\":\"WebSite\",\"@id\":\"https:\/\/glossywaves.fr\/#website\",\"url\":\"https:\/\/glossywaves.fr\/\",\"name\":\"Glossy Waves\",\"description\":\"\",\"publisher\":{\"@id\":\"https:\/\/glossywaves.fr\/#organization\"},\"potentialAction\":[{\"@type\":\"SearchAction\",\"target\":{\"@type\":\"EntryPoint\",\"urlTemplate\":\"https:\/\/glossywaves.fr\/?s={search_term_string}\"},\"query-input\":{\"@type\":\"PropertyValueSpecification\",\"valueRequired\":true,\"valueName\":\"search_term_string\"}}],\"inLanguage\":\"fr-FR\"},{\"@type\":\"Organization\",\"@id\":\"https:\/\/glossywaves.fr\/#organization\",\"name\":\"Glossy Waves\",\"url\":\"https:\/\/glossywaves.fr\/\",\"logo\":{\"@type\":\"ImageObject\",\"inLanguage\":\"fr-FR\",\"@id\":\"https:\/\/glossywaves.fr\/#\/schema\/logo\/image\/\",\"url\":\"https:\/\/glossywaves.fr\/wp-content\/uploads\/2026\/02\/cropped-logo-transparent-pdf_page-0001.jpg\",\"contentUrl\":\"https:\/\/glossywaves.fr\/wp-content\/uploads\/2026\/02\/cropped-logo-transparent-pdf_page-0001.jpg\",\"width\":912,\"height\":836,\"caption\":\"Glossy Waves\"},\"image\":{\"@id\":\"https:\/\/glossywaves.fr\/#\/schema\/logo\/image\/\"}}]}<\/script>\n<!-- \/ Yoast SEO plugin. -->","yoast_head_json":{"title":"coloration homme - Glossy Waves","robots":{"index":"index","follow":"follow","max-snippet":"max-snippet:-1","max-image-preview":"max-image-preview:large","max-video-preview":"max-video-preview:-1"},"canonical":"https:\/\/glossywaves.fr\/index.php\/coloration-homme\/","og_locale":"fr_FR","og_type":"article","og_title":"coloration homme - Glossy Waves","og_description":"Coloration homme american crew Avant Apr\u00e8s Le service coloration american crew homme neutralise les reflets ind\u00e9sirables, estompe les cheveux blancs, ravive le cheveux terne et redonne texture et mati\u00e8re au cheveu\u00a0 Donne un r\u00e9sultat naturel en 5 minutes top chrono\u00a0 S&rsquo;estompe au fur et \u00e0 mesure des shampooing (environ 25) sans effet racine\u00a0","og_url":"https:\/\/glossywaves.fr\/index.php\/coloration-homme\/","og_site_name":"Glossy Waves","article_modified_time":"2026-03-31T06:56:06+00:00","og_image":[{"url":"http:\/\/glossywaves.fr\/wp-content\/uploads\/2026\/03\/411-768x1020.jpg","type":"","width":"","height":""}],"twitter_card":"summary_large_image","twitter_misc":{"Dur\u00e9e de lecture estim\u00e9e":"1 minute"},"schema":{"@context":"https:\/\/schema.org","@graph":[{"@type":"WebPage","@id":"https:\/\/glossywaves.fr\/index.php\/coloration-homme\/","url":"https:\/\/glossywaves.fr\/index.php\/coloration-homme\/","name":"coloration homme - Glossy Waves","isPartOf":{"@id":"https:\/\/glossywaves.fr\/#website"},"primaryImageOfPage":{"@id":"https:\/\/glossywaves.fr\/index.php\/coloration-homme\/#primaryimage"},"image":{"@id":"https:\/\/glossywaves.fr\/index.php\/coloration-homme\/#primaryimage"},"thumbnailUrl":"http:\/\/glossywaves.fr\/wp-content\/uploads\/2026\/03\/411-768x1020.jpg","datePublished":"2026-02-24T13:08:53+00:00","dateModified":"2026-03-31T06:56:06+00:00","breadcrumb":{"@id":"https:\/\/glossywaves.fr\/index.php\/coloration-homme\/#breadcrumb"},"inLanguage":"fr-FR","potentialAction":[{"@type":"ReadAction","target":["https:\/\/glossywaves.fr\/index.php\/coloration-homme\/"]}]},{"@type":"ImageObject","inLanguage":"fr-FR","@id":"https:\/\/glossywaves.fr\/index.php\/coloration-homme\/#primaryimage","url":"https:\/\/glossywaves.fr\/wp-content\/uploads\/2026\/03\/411-scaled.jpg","contentUrl":"https:\/\/glossywaves.fr\/wp-content\/uploads\/2026\/03\/411-scaled.jpg","width":1928,"height":2560},{"@type":"BreadcrumbList","@id":"https:\/\/glossywaves.fr\/index.php\/coloration-homme\/#breadcrumb","itemListElement":[{"@type":"ListItem","position":1,"name":"Accueil","item":"https:\/\/glossywaves.fr\/"},{"@type":"ListItem","position":2,"name":"coloration homme"}]},{"@type":"WebSite","@id":"https:\/\/glossywaves.fr\/#website","url":"https:\/\/glossywaves.fr\/","name":"Glossy Waves","description":"","publisher":{"@id":"https:\/\/glossywaves.fr\/#organization"},"potentialAction":[{"@type":"SearchAction","target":{"@type":"EntryPoint","urlTemplate":"https:\/\/glossywaves.fr\/?s={search_term_string}"},"query-input":{"@type":"PropertyValueSpecification","valueRequired":true,"valueName":"search_term_string"}}],"inLanguage":"fr-FR"},{"@type":"Organization","@id":"https:\/\/glossywaves.fr\/#organization","name":"Glossy Waves","url":"https:\/\/glossywaves.fr\/","logo":{"@type":"ImageObject","inLanguage":"fr-FR","@id":"https:\/\/glossywaves.fr\/#\/schema\/logo\/image\/","url":"https:\/\/glossywaves.fr\/wp-content\/uploads\/2026\/02\/cropped-logo-transparent-pdf_page-0001.jpg","contentUrl":"https:\/\/glossywaves.fr\/wp-content\/uploads\/2026\/02\/cropped-logo-transparent-pdf_page-0001.jpg","width":912,"height":836,"caption":"Glossy Waves"},"image":{"@id":"https:\/\/glossywaves.fr\/#\/schema\/logo\/image\/"}}]}},"_links":{"self":[{"href":"https:\/\/glossywaves.fr\/index.php\/wp-json\/wp\/v2\/pages\/133","targetHints":{"allow":["GET"]}}],"collection":[{"href":"https:\/\/glossywaves.fr\/index.php\/wp-json\/wp\/v2\/pages"}],"about":[{"href":"https:\/\/glossywaves.fr\/index.php\/wp-json\/wp\/v2\/types\/page"}],"author":[{"embeddable":true,"href":"https:\/\/glossywaves.fr\/index.php\/wp-json\/wp\/v2\/users\/1"}],"replies":[{"embeddable":true,"href":"https:\/\/glossywaves.fr\/index.php\/wp-json\/wp\/v2\/comments?post=133"}],"version-history":[{"count":16,"href":"https:\/\/glossywaves.fr\/index.php\/wp-json\/wp\/v2\/pages\/133\/revisions"}],"predecessor-version":[{"id":508,"href":"https:\/\/glossywaves.fr\/index.php\/wp-json\/wp\/v2\/pages\/133\/revisions\/508"}],"wp:attachment":[{"href":"https:\/\/glossywaves.fr\/index.php\/wp-json\/wp\/v2\/media?parent=133"}],"curies":[{"name":"wp","href":"https:\/\/api.w.org\/{rel}","templated":true}]}}