{"id":10,"date":"2026-02-17T13:57:17","date_gmt":"2026-02-17T13:57:17","guid":{"rendered":"http:\/\/glossywaves.fr\/?page_id=10"},"modified":"2026-03-31T09:00:27","modified_gmt":"2026-03-31T09:00:27","slug":"coiffure-a-domicile-haute-pyrenees-coupe-homme-coiffeuse-evenementielle-coiffeuse-personne-ages-a-domicile-coiffeuse-personne-a-mobilite-reduite-coupe-femme","status":"publish","type":"page","link":"https:\/\/glossywaves.fr\/","title":{"rendered":"acceuil"},"content":{"rendered":"\t\t<div data-elementor-type=\"wp-page\" data-elementor-id=\"10\" class=\"elementor elementor-10\">\n\t\t\t\t<div class=\"elementor-element elementor-element-d6623d9 e-flex e-con-boxed e-con e-parent\" data-id=\"d6623d9\" data-element_type=\"container\" data-e-type=\"container\">\n\t\t\t\t\t<div class=\"e-con-inner\">\n\t\t\t\t<div class=\"elementor-element elementor-element-ec20834 elementor-widget elementor-widget-heading\" data-id=\"ec20834\" data-element_type=\"widget\" data-e-type=\"widget\" data-widget_type=\"heading.default\">\n\t\t\t\t\t<h2 class=\"elementor-heading-title elementor-size-default\">Prenez soin de vous on s'occupe de vos cheveux !<\/h2>\t\t\t\t<\/div>\n\t\t\t\t\t<\/div>\n\t\t\t\t<\/div>\n\t\t<div class=\"elementor-element elementor-element-8d5769b e-grid e-con-boxed e-con e-parent\" data-id=\"8d5769b\" data-element_type=\"container\" data-e-type=\"container\">\n\t\t\t\t\t<div class=\"e-con-inner\">\n\t\t\t\t<div class=\"elementor-element elementor-element-e8fae88 elementor-widget elementor-widget-spacer\" data-id=\"e8fae88\" data-element_type=\"widget\" data-e-type=\"widget\" data-widget_type=\"spacer.default\">\n\t\t\t\t\t\t\t<div class=\"elementor-spacer\">\n\t\t\t<div class=\"elementor-spacer-inner\"><\/div>\n\t\t<\/div>\n\t\t\t\t\t\t<\/div>\n\t\t\t\t\t<\/div>\n\t\t\t\t<\/div>\n\t\t<div class=\"elementor-element elementor-element-dfa9c2a e-con-full e-flex e-con e-parent\" data-id=\"dfa9c2a\" data-element_type=\"container\" data-e-type=\"container\">\n\t\t\t\t<div class=\"elementor-element elementor-element-10cdbc3 elementor-widget elementor-widget-image-carousel\" data-id=\"10cdbc3\" data-element_type=\"widget\" data-e-type=\"widget\" data-settings=\"{&quot;slides_to_show&quot;:&quot;4&quot;,&quot;slides_to_scroll&quot;:&quot;9&quot;,&quot;navigation&quot;:&quot;none&quot;,&quot;autoplay_speed&quot;:5113,&quot;speed&quot;:536,&quot;autoplay&quot;:&quot;yes&quot;,&quot;pause_on_hover&quot;:&quot;yes&quot;,&quot;pause_on_interaction&quot;:&quot;yes&quot;,&quot;infinite&quot;:&quot;yes&quot;}\" data-widget_type=\"image-carousel.default\">\n\t\t\t\t\t\t\t<div class=\"elementor-image-carousel-wrapper swiper\" role=\"region\" aria-roledescription=\"carousel\" aria-label=\"Carrousel d\u2019images\" dir=\"ltr\">\n\t\t\t<div class=\"elementor-image-carousel swiper-wrapper\" aria-live=\"off\">\n\t\t\t\t\t\t\t\t<div class=\"swiper-slide\" role=\"group\" aria-roledescription=\"slide\" aria-label=\"1 sur 9\"><figure class=\"swiper-slide-inner\"><img decoding=\"async\" class=\"swiper-slide-image\" src=\"https:\/\/glossywaves.fr\/wp-content\/uploads\/2026\/02\/322-170x300.jpg\" alt=\"ClYKVFNuYXBjaGF0LzEzLjc5LjAuNDQgKDI1MDc4UkEzRUU7IEFuZHJvaWQgMTUjT1MyLjAuMjE1LjAuVkJORVVYTSMzNTsgZ3ppcCkgVi9NVVNIUk9PTQ==\" \/><\/figure><\/div><div class=\"swiper-slide\" role=\"group\" aria-roledescription=\"slide\" aria-label=\"2 sur 9\"><figure class=\"swiper-slide-inner\"><img decoding=\"async\" class=\"swiper-slide-image\" src=\"https:\/\/glossywaves.fr\/wp-content\/uploads\/2026\/02\/318-170x300.jpg\" alt=\"ClYKVFNuYXBjaGF0LzEzLjc5LjAuNDQgKDI1MDc4UkEzRUU7IEFuZHJvaWQgMTUjT1MyLjAuMjE1LjAuVkJORVVYTSMzNTsgZ3ppcCkgVi9NVVNIUk9PTQ==\" \/><\/figure><\/div><div class=\"swiper-slide\" role=\"group\" aria-roledescription=\"slide\" aria-label=\"3 sur 9\"><figure class=\"swiper-slide-inner\"><img decoding=\"async\" class=\"swiper-slide-image\" src=\"https:\/\/glossywaves.fr\/wp-content\/uploads\/2026\/02\/388-e1772545208779-266x300.jpg\" alt=\"388\" \/><\/figure><\/div><div class=\"swiper-slide\" role=\"group\" aria-roledescription=\"slide\" aria-label=\"4 sur 9\"><figure class=\"swiper-slide-inner\"><img decoding=\"async\" class=\"swiper-slide-image\" src=\"https:\/\/glossywaves.fr\/wp-content\/uploads\/2026\/02\/399-e1772543511434-300x300.jpg\" alt=\"ClYKVFNuYXBjaGF0LzEzLjc5LjAuNDQgKDI1MDc4UkEzRUU7IEFuZHJvaWQgMTUjT1MyLjAuMjE1LjAuVkJORVVYTSMzNTsgZ3ppcCkgVi9NVVNIUk9PTQ==\" \/><\/figure><\/div><div class=\"swiper-slide\" role=\"group\" aria-roledescription=\"slide\" aria-label=\"5 sur 9\"><figure class=\"swiper-slide-inner\"><img decoding=\"async\" class=\"swiper-slide-image\" src=\"https:\/\/glossywaves.fr\/wp-content\/uploads\/2026\/02\/3e18e088-9422-42c0-959e-d5ddddcab5d9-1_all_858-225x300.jpg\" alt=\"3e18e088-9422-42c0-959e-d5ddddcab5d9-1_all_858\" \/><\/figure><\/div><div class=\"swiper-slide\" role=\"group\" aria-roledescription=\"slide\" aria-label=\"6 sur 9\"><figure class=\"swiper-slide-inner\"><img decoding=\"async\" class=\"swiper-slide-image\" src=\"https:\/\/glossywaves.fr\/wp-content\/uploads\/2026\/02\/355-225x300.jpg\" alt=\"355\" \/><\/figure><\/div><div class=\"swiper-slide\" role=\"group\" aria-roledescription=\"slide\" aria-label=\"7 sur 9\"><figure class=\"swiper-slide-inner\"><img decoding=\"async\" class=\"swiper-slide-image\" src=\"https:\/\/glossywaves.fr\/wp-content\/uploads\/2026\/02\/3e18e088-9422-42c0-959e-d5ddddcab5d9-1_all_856-225x300.jpg\" alt=\"3e18e088-9422-42c0-959e-d5ddddcab5d9-1_all_856\" \/><\/figure><\/div><div class=\"swiper-slide\" role=\"group\" aria-roledescription=\"slide\" aria-label=\"8 sur 9\"><figure class=\"swiper-slide-inner\"><img decoding=\"async\" class=\"swiper-slide-image\" src=\"https:\/\/glossywaves.fr\/wp-content\/uploads\/2026\/02\/356-225x300.jpg\" alt=\"356\" \/><\/figure><\/div><div class=\"swiper-slide\" role=\"group\" aria-roledescription=\"slide\" aria-label=\"9 sur 9\"><figure class=\"swiper-slide-inner\"><img decoding=\"async\" class=\"swiper-slide-image\" src=\"https:\/\/glossywaves.fr\/wp-content\/uploads\/2026\/02\/397-scaled-e1772544649149-226x300.jpg\" alt=\"ClYKVFNuYXBjaGF0LzEzLjc5LjAuNDQgKDI1MDc4UkEzRUU7IEFuZHJvaWQgMTUjT1MyLjAuMjE1LjAuVkJORVVYTSMzNTsgZ3ppcCkgVi9NVVNIUk9PTQ==\" \/><\/figure><\/div>\t\t\t<\/div>\n\t\t\t\t\t\t\t\n\t\t\t\t\t\t\t\t\t<\/div>\n\t\t\t\t\t\t<\/div>\n\t\t\t\t<\/div>\n\t\t<div class=\"elementor-element elementor-element-85da0e7 e-grid e-con-boxed e-con e-parent\" data-id=\"85da0e7\" data-element_type=\"container\" data-e-type=\"container\">\n\t\t\t\t\t<div class=\"e-con-inner\">\n\t\t\t\t<div class=\"elementor-element elementor-element-33c119d elementor-widget elementor-widget-spacer\" data-id=\"33c119d\" data-element_type=\"widget\" data-e-type=\"widget\" data-widget_type=\"spacer.default\">\n\t\t\t\t\t\t\t<div class=\"elementor-spacer\">\n\t\t\t<div class=\"elementor-spacer-inner\"><\/div>\n\t\t<\/div>\n\t\t\t\t\t\t<\/div>\n\t\t\t\t\t<\/div>\n\t\t\t\t<\/div>\n\t\t<div class=\"elementor-element elementor-element-78d2350 e-grid e-con-boxed e-con e-parent\" data-id=\"78d2350\" data-element_type=\"container\" data-e-type=\"container\">\n\t\t\t\t\t<div class=\"e-con-inner\">\n\t\t\t\t<div class=\"elementor-element elementor-element-76c08ff elementor-align-center elementor-widget elementor-widget-button\" data-id=\"76c08ff\" data-element_type=\"widget\" data-e-type=\"widget\" data-widget_type=\"button.default\">\n\t\t\t\t\t\t\t\t\t\t<a class=\"elementor-button elementor-button-link elementor-size-sm\" href=\"https:\/\/glossywaves.fr\/index.php\/contact\/\">\n\t\t\t\t\t\t<span class=\"elementor-button-content-wrapper\">\n\t\t\t\t\t\t\t\t\t<span class=\"elementor-button-text\">Je me fais chouchouter<\/span>\n\t\t\t\t\t<\/span>\n\t\t\t\t\t<\/a>\n\t\t\t\t\t\t\t\t<\/div>\n\t\t\t\t\t<\/div>\n\t\t\t\t<\/div>\n\t\t<div class=\"elementor-element elementor-element-b3eb49c e-grid e-con-boxed e-con e-parent\" data-id=\"b3eb49c\" data-element_type=\"container\" data-e-type=\"container\">\n\t\t\t\t\t<div class=\"e-con-inner\">\n\t\t\t\t\t<\/div>\n\t\t\t\t<\/div>\n\t\t<div class=\"elementor-element elementor-element-40a6d73 e-grid e-con-full e-con e-parent\" data-id=\"40a6d73\" data-element_type=\"container\" data-e-type=\"container\">\n\t\t\t\t<div class=\"elementor-element elementor-element-e556998 elementor-widget elementor-widget-image-carousel\" data-id=\"e556998\" data-element_type=\"widget\" data-e-type=\"widget\" data-settings=\"{&quot;slides_to_show&quot;:&quot;4&quot;,&quot;slides_to_scroll&quot;:&quot;5&quot;,&quot;navigation&quot;:&quot;none&quot;,&quot;autoplay&quot;:&quot;yes&quot;,&quot;pause_on_hover&quot;:&quot;yes&quot;,&quot;pause_on_interaction&quot;:&quot;yes&quot;,&quot;autoplay_speed&quot;:5000,&quot;infinite&quot;:&quot;yes&quot;,&quot;speed&quot;:500}\" data-widget_type=\"image-carousel.default\">\n\t\t\t\t\t\t\t<div class=\"elementor-image-carousel-wrapper swiper\" role=\"region\" aria-roledescription=\"carousel\" aria-label=\"Carrousel d\u2019images\" dir=\"ltr\">\n\t\t\t<div class=\"elementor-image-carousel swiper-wrapper\" aria-live=\"off\">\n\t\t\t\t\t\t\t\t<div class=\"swiper-slide\" role=\"group\" aria-roledescription=\"slide\" aria-label=\"1 sur 5\"><figure class=\"swiper-slide-inner\"><img decoding=\"async\" class=\"swiper-slide-image\" src=\"https:\/\/glossywaves.fr\/wp-content\/uploads\/2026\/03\/438-scaled-e1772551850666-277x300.jpg\" alt=\"438\" \/><\/figure><\/div><div class=\"swiper-slide\" role=\"group\" aria-roledescription=\"slide\" aria-label=\"2 sur 5\"><figure class=\"swiper-slide-inner\"><img decoding=\"async\" class=\"swiper-slide-image\" src=\"https:\/\/glossywaves.fr\/wp-content\/uploads\/2026\/03\/414-226x300.jpg\" alt=\"414\" \/><\/figure><\/div><div class=\"swiper-slide\" role=\"group\" aria-roledescription=\"slide\" aria-label=\"3 sur 5\"><figure class=\"swiper-slide-inner\"><img decoding=\"async\" class=\"swiper-slide-image\" src=\"https:\/\/glossywaves.fr\/wp-content\/uploads\/2026\/02\/345-scaled-e1771944744977-176x300.jpg\" alt=\"ClYKVFNuYXBjaGF0LzEzLjc5LjAuNDQgKDI1MDc4UkEzRUU7IEFuZHJvaWQgMTUjT1MyLjAuMjE1LjAuVkJORVVYTSMzNTsgZ3ppcCkgVi9NVVNIUk9PTQ==\" \/><\/figure><\/div><div class=\"swiper-slide\" role=\"group\" aria-roledescription=\"slide\" aria-label=\"4 sur 5\"><figure class=\"swiper-slide-inner\"><img decoding=\"async\" class=\"swiper-slide-image\" src=\"https:\/\/glossywaves.fr\/wp-content\/uploads\/2026\/03\/436-226x300.jpg\" alt=\"436\" \/><\/figure><\/div><div class=\"swiper-slide\" role=\"group\" aria-roledescription=\"slide\" aria-label=\"5 sur 5\"><figure class=\"swiper-slide-inner\"><img decoding=\"async\" class=\"swiper-slide-image\" src=\"https:\/\/glossywaves.fr\/wp-content\/uploads\/2026\/02\/356-225x300.jpg\" alt=\"356\" \/><\/figure><\/div>\t\t\t<\/div>\n\t\t\t\t\t\t\t\n\t\t\t\t\t\t\t\t\t<\/div>\n\t\t\t\t\t\t<\/div>\n\t\t\t\t<\/div>\n\t\t<div class=\"elementor-element elementor-element-99f3d6d e-grid e-con-boxed e-con e-parent\" data-id=\"99f3d6d\" data-element_type=\"container\" data-e-type=\"container\">\n\t\t\t\t\t<div class=\"e-con-inner\">\n\t\t\t\t<div class=\"elementor-element elementor-element-4083739 elementor-widget elementor-widget-spacer\" data-id=\"4083739\" data-element_type=\"widget\" data-e-type=\"widget\" data-widget_type=\"spacer.default\">\n\t\t\t\t\t\t\t<div class=\"elementor-spacer\">\n\t\t\t<div class=\"elementor-spacer-inner\"><\/div>\n\t\t<\/div>\n\t\t\t\t\t\t<\/div>\n\t\t\t\t\t<\/div>\n\t\t\t\t<\/div>\n\t\t\t\t<\/div>\n\t\t","protected":false},"excerpt":{"rendered":"<p>Prenez soin de vous on s&rsquo;occupe de vos cheveux ! Je me fais chouchouter<\/p>\n","protected":false},"author":1,"featured_media":0,"parent":0,"menu_order":0,"comment_status":"closed","ping_status":"closed","template":"","meta":{"sfsi_plus_gutenberg_text_before_share":"","sfsi_plus_gutenberg_show_text_before_share":"","sfsi_plus_gutenberg_icon_type":"","sfsi_plus_gutenberg_icon_alignemt":"","sfsi_plus_gutenburg_max_per_row":"","footnotes":""},"class_list":["post-10","page","type-page","status-publish","hentry","entry"],"yoast_head":"<!-- This site is optimized with the Yoast SEO plugin v27.0 - https:\/\/yoast.com\/product\/yoast-seo-wordpress\/ -->\n<title>acceuil - Glossy Waves<\/title>\n<meta name=\"description\" content=\"Coiffeuse \u00e0 domicile professionnelle bas\u00e9e \u00e0 Horgues (65310), je me d\u00e9place dans un rayon de 45 km pour vous offrir des prestations de coiffure personnalis\u00e9es directement chez vous, Je propose \u00e9galement mes services en milieu hospitalier afin d\u2019apporter bien-\u00eatre et confort aux personnes ne pouvant se d\u00e9placer. dans le confort de votre environnement. Je propose des services pour toute la famille : femmes, hommes et enfants. Que ce soit pour une coupe, un brushing, une coloration, des m\u00e8ches ou une permanente, je mets mon savoir-faire \u00e0 votre service pour sublimer vos cheveux selon vos envies. \u00c0 l\u2019\u00e9coute, attentive et passionn\u00e9e, je m\u2019adapte \u00e0 chaque client pour garantir un r\u00e9sultat \u00e0 la hauteur de vos attentes, avec des produits de qualit\u00e9 professionnelle. Je propose \u00e9galement mes services en milieu hospitalier afin d\u2019apporter bien-\u00eatre et confort aux personnes ne pouvant se d\u00e9placer.\" \/>\n<meta name=\"robots\" content=\"index, follow, max-snippet:-1, max-image-preview:large, max-video-preview:-1\" \/>\n<link rel=\"canonical\" href=\"https:\/\/glossywaves.fr\/\" \/>\n<meta property=\"og:locale\" content=\"fr_FR\" \/>\n<meta property=\"og:type\" content=\"article\" \/>\n<meta property=\"og:title\" content=\"acceuil - Glossy Waves\" \/>\n<meta property=\"og:description\" content=\"Coiffeuse \u00e0 domicile professionnelle bas\u00e9e \u00e0 Horgues (65310), je me d\u00e9place dans un rayon de 45 km pour vous offrir des prestations de coiffure personnalis\u00e9es directement chez vous, Je propose \u00e9galement mes services en milieu hospitalier afin d\u2019apporter bien-\u00eatre et confort aux personnes ne pouvant se d\u00e9placer. dans le confort de votre environnement. Je propose des services pour toute la famille : femmes, hommes et enfants. Que ce soit pour une coupe, un brushing, une coloration, des m\u00e8ches ou une permanente, je mets mon savoir-faire \u00e0 votre service pour sublimer vos cheveux selon vos envies. \u00c0 l\u2019\u00e9coute, attentive et passionn\u00e9e, je m\u2019adapte \u00e0 chaque client pour garantir un r\u00e9sultat \u00e0 la hauteur de vos attentes, avec des produits de qualit\u00e9 professionnelle. Je propose \u00e9galement mes services en milieu hospitalier afin d\u2019apporter bien-\u00eatre et confort aux personnes ne pouvant se d\u00e9placer.\" \/>\n<meta property=\"og:url\" content=\"https:\/\/glossywaves.fr\/\" \/>\n<meta property=\"og:site_name\" content=\"Glossy Waves\" \/>\n<meta property=\"article:modified_time\" content=\"2026-03-31T09:00:27+00:00\" \/>\n<meta property=\"og:image\" content=\"http:\/\/glossywaves.fr\/wp-content\/uploads\/2026\/02\/322-170x300.jpg\" \/>\n<meta name=\"twitter:card\" content=\"summary_large_image\" \/>\n<meta name=\"twitter:label1\" content=\"Dur\u00e9e de lecture estim\u00e9e\" \/>\n\t<meta name=\"twitter:data1\" content=\"3 minutes\" \/>\n<script type=\"application\/ld+json\" class=\"yoast-schema-graph\">{\"@context\":\"https:\/\/schema.org\",\"@graph\":[{\"@type\":\"WebPage\",\"@id\":\"https:\/\/glossywaves.fr\/\",\"url\":\"https:\/\/glossywaves.fr\/\",\"name\":\"acceuil - Glossy Waves\",\"isPartOf\":{\"@id\":\"https:\/\/glossywaves.fr\/#website\"},\"primaryImageOfPage\":{\"@id\":\"https:\/\/glossywaves.fr\/#primaryimage\"},\"image\":{\"@id\":\"https:\/\/glossywaves.fr\/#primaryimage\"},\"thumbnailUrl\":\"http:\/\/glossywaves.fr\/wp-content\/uploads\/2026\/02\/322-170x300.jpg\",\"datePublished\":\"2026-02-17T13:57:17+00:00\",\"dateModified\":\"2026-03-31T09:00:27+00:00\",\"description\":\"Coiffeuse \u00e0 domicile professionnelle bas\u00e9e \u00e0 Horgues (65310), je me d\u00e9place dans un rayon de 45 km pour vous offrir des prestations de coiffure personnalis\u00e9es directement chez vous, Je propose \u00e9galement mes services en milieu hospitalier afin d\u2019apporter bien-\u00eatre et confort aux personnes ne pouvant se d\u00e9placer. dans le confort de votre environnement. Je propose des services pour toute la famille : femmes, hommes et enfants. Que ce soit pour une coupe, un brushing, une coloration, des m\u00e8ches ou une permanente, je mets mon savoir-faire \u00e0 votre service pour sublimer vos cheveux selon vos envies. \u00c0 l\u2019\u00e9coute, attentive et passionn\u00e9e, je m\u2019adapte \u00e0 chaque client pour garantir un r\u00e9sultat \u00e0 la hauteur de vos attentes, avec des produits de qualit\u00e9 professionnelle. Je propose \u00e9galement mes services en milieu hospitalier afin d\u2019apporter bien-\u00eatre et confort aux personnes ne pouvant se d\u00e9placer.\",\"breadcrumb\":{\"@id\":\"https:\/\/glossywaves.fr\/#breadcrumb\"},\"inLanguage\":\"fr-FR\",\"potentialAction\":[{\"@type\":\"ReadAction\",\"target\":[\"https:\/\/glossywaves.fr\/\"]}]},{\"@type\":\"ImageObject\",\"inLanguage\":\"fr-FR\",\"@id\":\"https:\/\/glossywaves.fr\/#primaryimage\",\"url\":\"http:\/\/glossywaves.fr\/wp-content\/uploads\/2026\/02\/322-170x300.jpg\",\"contentUrl\":\"http:\/\/glossywaves.fr\/wp-content\/uploads\/2026\/02\/322-170x300.jpg\"},{\"@type\":\"BreadcrumbList\",\"@id\":\"https:\/\/glossywaves.fr\/#breadcrumb\",\"itemListElement\":[{\"@type\":\"ListItem\",\"position\":1,\"name\":\"Accueil\",\"item\":\"https:\/\/glossywaves.fr\/\"},{\"@type\":\"ListItem\",\"position\":2,\"name\":\"acceuil\"}]},{\"@type\":\"WebSite\",\"@id\":\"https:\/\/glossywaves.fr\/#website\",\"url\":\"https:\/\/glossywaves.fr\/\",\"name\":\"Glossy Waves\",\"description\":\"\",\"publisher\":{\"@id\":\"https:\/\/glossywaves.fr\/#organization\"},\"potentialAction\":[{\"@type\":\"SearchAction\",\"target\":{\"@type\":\"EntryPoint\",\"urlTemplate\":\"https:\/\/glossywaves.fr\/?s={search_term_string}\"},\"query-input\":{\"@type\":\"PropertyValueSpecification\",\"valueRequired\":true,\"valueName\":\"search_term_string\"}}],\"inLanguage\":\"fr-FR\"},{\"@type\":\"Organization\",\"@id\":\"https:\/\/glossywaves.fr\/#organization\",\"name\":\"Glossy Waves\",\"url\":\"https:\/\/glossywaves.fr\/\",\"logo\":{\"@type\":\"ImageObject\",\"inLanguage\":\"fr-FR\",\"@id\":\"https:\/\/glossywaves.fr\/#\/schema\/logo\/image\/\",\"url\":\"https:\/\/glossywaves.fr\/wp-content\/uploads\/2026\/02\/cropped-logo-transparent-pdf_page-0001.jpg\",\"contentUrl\":\"https:\/\/glossywaves.fr\/wp-content\/uploads\/2026\/02\/cropped-logo-transparent-pdf_page-0001.jpg\",\"width\":912,\"height\":836,\"caption\":\"Glossy Waves\"},\"image\":{\"@id\":\"https:\/\/glossywaves.fr\/#\/schema\/logo\/image\/\"}}]}<\/script>\n<!-- \/ Yoast SEO plugin. -->","yoast_head_json":{"title":"acceuil - Glossy Waves","description":"Coiffeuse \u00e0 domicile professionnelle bas\u00e9e \u00e0 Horgues (65310), je me d\u00e9place dans un rayon de 45 km pour vous offrir des prestations de coiffure personnalis\u00e9es directement chez vous, Je propose \u00e9galement mes services en milieu hospitalier afin d\u2019apporter bien-\u00eatre et confort aux personnes ne pouvant se d\u00e9placer. dans le confort de votre environnement. Je propose des services pour toute la famille : femmes, hommes et enfants. Que ce soit pour une coupe, un brushing, une coloration, des m\u00e8ches ou une permanente, je mets mon savoir-faire \u00e0 votre service pour sublimer vos cheveux selon vos envies. \u00c0 l\u2019\u00e9coute, attentive et passionn\u00e9e, je m\u2019adapte \u00e0 chaque client pour garantir un r\u00e9sultat \u00e0 la hauteur de vos attentes, avec des produits de qualit\u00e9 professionnelle. Je propose \u00e9galement mes services en milieu hospitalier afin d\u2019apporter bien-\u00eatre et confort aux personnes ne pouvant se d\u00e9placer.","robots":{"index":"index","follow":"follow","max-snippet":"max-snippet:-1","max-image-preview":"max-image-preview:large","max-video-preview":"max-video-preview:-1"},"canonical":"https:\/\/glossywaves.fr\/","og_locale":"fr_FR","og_type":"article","og_title":"acceuil - Glossy Waves","og_description":"Coiffeuse \u00e0 domicile professionnelle bas\u00e9e \u00e0 Horgues (65310), je me d\u00e9place dans un rayon de 45 km pour vous offrir des prestations de coiffure personnalis\u00e9es directement chez vous, Je propose \u00e9galement mes services en milieu hospitalier afin d\u2019apporter bien-\u00eatre et confort aux personnes ne pouvant se d\u00e9placer. dans le confort de votre environnement. Je propose des services pour toute la famille : femmes, hommes et enfants. Que ce soit pour une coupe, un brushing, une coloration, des m\u00e8ches ou une permanente, je mets mon savoir-faire \u00e0 votre service pour sublimer vos cheveux selon vos envies. \u00c0 l\u2019\u00e9coute, attentive et passionn\u00e9e, je m\u2019adapte \u00e0 chaque client pour garantir un r\u00e9sultat \u00e0 la hauteur de vos attentes, avec des produits de qualit\u00e9 professionnelle. Je propose \u00e9galement mes services en milieu hospitalier afin d\u2019apporter bien-\u00eatre et confort aux personnes ne pouvant se d\u00e9placer.","og_url":"https:\/\/glossywaves.fr\/","og_site_name":"Glossy Waves","article_modified_time":"2026-03-31T09:00:27+00:00","og_image":[{"url":"http:\/\/glossywaves.fr\/wp-content\/uploads\/2026\/02\/322-170x300.jpg","type":"","width":"","height":""}],"twitter_card":"summary_large_image","twitter_misc":{"Dur\u00e9e de lecture estim\u00e9e":"3 minutes"},"schema":{"@context":"https:\/\/schema.org","@graph":[{"@type":"WebPage","@id":"https:\/\/glossywaves.fr\/","url":"https:\/\/glossywaves.fr\/","name":"acceuil - Glossy Waves","isPartOf":{"@id":"https:\/\/glossywaves.fr\/#website"},"primaryImageOfPage":{"@id":"https:\/\/glossywaves.fr\/#primaryimage"},"image":{"@id":"https:\/\/glossywaves.fr\/#primaryimage"},"thumbnailUrl":"http:\/\/glossywaves.fr\/wp-content\/uploads\/2026\/02\/322-170x300.jpg","datePublished":"2026-02-17T13:57:17+00:00","dateModified":"2026-03-31T09:00:27+00:00","description":"Coiffeuse \u00e0 domicile professionnelle bas\u00e9e \u00e0 Horgues (65310), je me d\u00e9place dans un rayon de 45 km pour vous offrir des prestations de coiffure personnalis\u00e9es directement chez vous, Je propose \u00e9galement mes services en milieu hospitalier afin d\u2019apporter bien-\u00eatre et confort aux personnes ne pouvant se d\u00e9placer. dans le confort de votre environnement. Je propose des services pour toute la famille : femmes, hommes et enfants. Que ce soit pour une coupe, un brushing, une coloration, des m\u00e8ches ou une permanente, je mets mon savoir-faire \u00e0 votre service pour sublimer vos cheveux selon vos envies. \u00c0 l\u2019\u00e9coute, attentive et passionn\u00e9e, je m\u2019adapte \u00e0 chaque client pour garantir un r\u00e9sultat \u00e0 la hauteur de vos attentes, avec des produits de qualit\u00e9 professionnelle. Je propose \u00e9galement mes services en milieu hospitalier afin d\u2019apporter bien-\u00eatre et confort aux personnes ne pouvant se d\u00e9placer.","breadcrumb":{"@id":"https:\/\/glossywaves.fr\/#breadcrumb"},"inLanguage":"fr-FR","potentialAction":[{"@type":"ReadAction","target":["https:\/\/glossywaves.fr\/"]}]},{"@type":"ImageObject","inLanguage":"fr-FR","@id":"https:\/\/glossywaves.fr\/#primaryimage","url":"http:\/\/glossywaves.fr\/wp-content\/uploads\/2026\/02\/322-170x300.jpg","contentUrl":"http:\/\/glossywaves.fr\/wp-content\/uploads\/2026\/02\/322-170x300.jpg"},{"@type":"BreadcrumbList","@id":"https:\/\/glossywaves.fr\/#breadcrumb","itemListElement":[{"@type":"ListItem","position":1,"name":"Accueil","item":"https:\/\/glossywaves.fr\/"},{"@type":"ListItem","position":2,"name":"acceuil"}]},{"@type":"WebSite","@id":"https:\/\/glossywaves.fr\/#website","url":"https:\/\/glossywaves.fr\/","name":"Glossy Waves","description":"","publisher":{"@id":"https:\/\/glossywaves.fr\/#organization"},"potentialAction":[{"@type":"SearchAction","target":{"@type":"EntryPoint","urlTemplate":"https:\/\/glossywaves.fr\/?s={search_term_string}"},"query-input":{"@type":"PropertyValueSpecification","valueRequired":true,"valueName":"search_term_string"}}],"inLanguage":"fr-FR"},{"@type":"Organization","@id":"https:\/\/glossywaves.fr\/#organization","name":"Glossy Waves","url":"https:\/\/glossywaves.fr\/","logo":{"@type":"ImageObject","inLanguage":"fr-FR","@id":"https:\/\/glossywaves.fr\/#\/schema\/logo\/image\/","url":"https:\/\/glossywaves.fr\/wp-content\/uploads\/2026\/02\/cropped-logo-transparent-pdf_page-0001.jpg","contentUrl":"https:\/\/glossywaves.fr\/wp-content\/uploads\/2026\/02\/cropped-logo-transparent-pdf_page-0001.jpg","width":912,"height":836,"caption":"Glossy Waves"},"image":{"@id":"https:\/\/glossywaves.fr\/#\/schema\/logo\/image\/"}}]}},"_links":{"self":[{"href":"https:\/\/glossywaves.fr\/index.php\/wp-json\/wp\/v2\/pages\/10","targetHints":{"allow":["GET"]}}],"collection":[{"href":"https:\/\/glossywaves.fr\/index.php\/wp-json\/wp\/v2\/pages"}],"about":[{"href":"https:\/\/glossywaves.fr\/index.php\/wp-json\/wp\/v2\/types\/page"}],"author":[{"embeddable":true,"href":"https:\/\/glossywaves.fr\/index.php\/wp-json\/wp\/v2\/users\/1"}],"replies":[{"embeddable":true,"href":"https:\/\/glossywaves.fr\/index.php\/wp-json\/wp\/v2\/comments?post=10"}],"version-history":[{"count":103,"href":"https:\/\/glossywaves.fr\/index.php\/wp-json\/wp\/v2\/pages\/10\/revisions"}],"predecessor-version":[{"id":430,"href":"https:\/\/glossywaves.fr\/index.php\/wp-json\/wp\/v2\/pages\/10\/revisions\/430"}],"wp:attachment":[{"href":"https:\/\/glossywaves.fr\/index.php\/wp-json\/wp\/v2\/media?parent=10"}],"curies":[{"name":"wp","href":"https:\/\/api.w.org\/{rel}","templated":true}]}}